{"id":1318,"date":"2025-11-17T06:03:15","date_gmt":"2025-11-17T12:03:15","guid":{"rendered":"https:\/\/encoder-staging.site\/tusenrose\/product\/vita-riddaren-2\/"},"modified":"2025-11-17T06:03:15","modified_gmt":"2025-11-17T12:03:15","slug":"vita-riddaren-2","status":"publish","type":"product","link":"https:\/\/encoder-staging.site\/tusenrose\/product\/vita-riddaren-2\/","title":{"rendered":"Vita riddaren"},"content":{"rendered":"<p>F\u00f6rundras av en evigt vacker bukett som f\u00f6renar elegans och h\u00e5llbarhet. V\u00e5rt m\u00e4sterverk av torkade och h\u00e5llbara blommor beh\u00e5ller sin fr\u00e4schhet i upp till \u00e5tta m\u00e5nader, tack vare en omsorgsfull dr\u00e4nkning i biologiskt nedbrytbar nektar.<\/p>\n<p>I denna harmoni av vita och gr\u00f6na toner finner du brudsl\u00f6ja, lonas, eucalyptus cinerea, cardi stella och lagurus &#8211; varje blomma noggrant utvald f\u00f6r att skapa en bukett som \u00e4r lika tidl\u00f6s som den \u00e4r h\u00e5llbar.<\/p>\n<p>Denna bukett \u00e4r mer \u00e4n bara blommor; den \u00e4r en hyllning till naturen och en gest av omtanke f\u00f6r v\u00e5r planet. Varje blomma, neds\u00e4nkt i biologiskt nedbrytbar nektar, blir en symbol f\u00f6r ansvarsfull sk\u00f6nhet och respekt f\u00f6r v\u00e5r milj\u00f6.<\/p>\n<p>Best\u00e4ll nu och l\u00e5t denna bukett bli en evig manifestation av din k\u00e4rlek och h\u00e4nsyn. Ge bort en bit av naturens underverk och skapa minnen med denna unika kombination av torkade och h\u00e5llbara blommor. En g\u00e5va som inte bara \u00e4r vacker utan \u00e4ven medveten om att v\u00e5r planet f\u00f6rtj\u00e4nar det b\u00e4sta.<\/p>\n<p>Enkel &#8211; H\u00f6jd 50-55 cm.<\/p>\n<p>Lyxig &#8211; H\u00f6jd 55-60 cm (Denna bukett \u00e4r som minimum 75% st\u00f6rre \u00e4n bukett Enkel.<\/p>\n<p>Storslagen &#8211; H\u00f6jd 60-65 cm (Denna bukett \u00e4r minimum 150% st\u00f6rre \u00e4n bukett Enkel.<\/p>\n","protected":false},"excerpt":{"rendered":"<p>F\u00f6rundras av en evigt vacker bukett som f\u00f6renar elegans och h\u00e5llbarhet. V\u00e5rt m\u00e4sterverk av torkade och h\u00e5llbara blommor beh\u00e5ller sin fr\u00e4schhet i upp till \u00e5tta m\u00e5nader, tack vare en omsorgsfull dr\u00e4nkning i biologiskt nedbrytbar nektar. I denna harmoni av vita och gr\u00f6na toner finner du brudsl\u00f6ja, lonas, eucalyptus cinerea, cardi stella och lagurus &#8211; varje [&hellip;]<\/p>\n","protected":false},"featured_media":923,"comment_status":"open","ping_status":"closed","template":"","meta":{"_acf_changed":false,"inline_featured_image":false},"product_brand":[],"product_cat":[45],"product_tag":[],"class_list":{"0":"post-1318","1":"product","2":"type-product","3":"status-publish","4":"has-post-thumbnail","6":"product_cat-dried-flowers","8":"first","9":"instock","10":"shipping-taxable","11":"purchasable","12":"product-type-simple"},"acf":[],"_links":{"self":[{"href":"https:\/\/encoder-staging.site\/tusenrose\/wp-json\/wp\/v2\/product\/1318","targetHints":{"allow":["GET"]}}],"collection":[{"href":"https:\/\/encoder-staging.site\/tusenrose\/wp-json\/wp\/v2\/product"}],"about":[{"href":"https:\/\/encoder-staging.site\/tusenrose\/wp-json\/wp\/v2\/types\/product"}],"replies":[{"embeddable":true,"href":"https:\/\/encoder-staging.site\/tusenrose\/wp-json\/wp\/v2\/comments?post=1318"}],"wp:featuredmedia":[{"embeddable":true,"href":"https:\/\/encoder-staging.site\/tusenrose\/wp-json\/wp\/v2\/media\/923"}],"wp:attachment":[{"href":"https:\/\/encoder-staging.site\/tusenrose\/wp-json\/wp\/v2\/media?parent=1318"}],"wp:term":[{"taxonomy":"product_brand","embeddable":true,"href":"https:\/\/encoder-staging.site\/tusenrose\/wp-json\/wp\/v2\/product_brand?post=1318"},{"taxonomy":"product_cat","embeddable":true,"href":"https:\/\/encoder-staging.site\/tusenrose\/wp-json\/wp\/v2\/product_cat?post=1318"},{"taxonomy":"product_tag","embeddable":true,"href":"https:\/\/encoder-staging.site\/tusenrose\/wp-json\/wp\/v2\/product_tag?post=1318"}],"curies":[{"name":"wp","href":"https:\/\/api.w.org\/{rel}","templated":true}]}}