{"id":1312,"date":"2025-11-17T06:03:14","date_gmt":"2025-11-17T12:03:14","guid":{"rendered":"https:\/\/encoder-staging.site\/tusenrose\/product\/torkad-vallmo-2\/"},"modified":"2025-11-17T06:03:14","modified_gmt":"2025-11-17T12:03:14","slug":"torkad-vallmo-2","status":"publish","type":"product","link":"https:\/\/encoder-staging.site\/tusenrose\/product\/torkad-vallmo-2\/","title":{"rendered":"Torkad Vallmo"},"content":{"rendered":"<p><span data-mce-fragment=\"1\">F\u00f6r in en touch av \u00f6mt vackra \u00f6gonblick med v\u00e5ra torkade vallmo. Dessa k\u00e4nsliga och eleganta blommor bevarar sin unika charm \u00e4ven i torkat skick. Med sina subtila kronblad och karakteristiska form ger de torkade vallmoblommorna en konstn\u00e4rlig touch till din inredning. Perfekta f\u00f6r att skapa en poetisk och naturlig atmosf\u00e4r, kan de st\u00e5 vackert ensamma i en vas eller sm\u00e4lta in i en torkad bukett f\u00f6r att l\u00e4gga till en touch av enkelhet och sk\u00f6nhet.<\/span><\/p>\n<p><span data-mce-fragment=\"1\">(S\u00e4ljes i bunt om\u00a05 stycken.)<\/span><\/p>\n","protected":false},"excerpt":{"rendered":"<p>F\u00f6r in en touch av \u00f6mt vackra \u00f6gonblick med v\u00e5ra torkade vallmo. Dessa k\u00e4nsliga och eleganta blommor bevarar sin unika charm \u00e4ven i torkat skick. Med sina subtila kronblad och karakteristiska form ger de torkade vallmoblommorna en konstn\u00e4rlig touch till din inredning. Perfekta f\u00f6r att skapa en poetisk och naturlig atmosf\u00e4r, kan de st\u00e5 vackert [&hellip;]<\/p>\n","protected":false},"featured_media":905,"comment_status":"open","ping_status":"closed","template":"","meta":{"_acf_changed":false,"inline_featured_image":false},"product_brand":[],"product_cat":[45],"product_tag":[],"class_list":{"0":"post-1312","1":"product","2":"type-product","3":"status-publish","4":"has-post-thumbnail","6":"product_cat-dried-flowers","8":"first","9":"instock","10":"shipping-taxable","11":"purchasable","12":"product-type-simple"},"acf":[],"_links":{"self":[{"href":"https:\/\/encoder-staging.site\/tusenrose\/wp-json\/wp\/v2\/product\/1312","targetHints":{"allow":["GET"]}}],"collection":[{"href":"https:\/\/encoder-staging.site\/tusenrose\/wp-json\/wp\/v2\/product"}],"about":[{"href":"https:\/\/encoder-staging.site\/tusenrose\/wp-json\/wp\/v2\/types\/product"}],"replies":[{"embeddable":true,"href":"https:\/\/encoder-staging.site\/tusenrose\/wp-json\/wp\/v2\/comments?post=1312"}],"wp:featuredmedia":[{"embeddable":true,"href":"https:\/\/encoder-staging.site\/tusenrose\/wp-json\/wp\/v2\/media\/905"}],"wp:attachment":[{"href":"https:\/\/encoder-staging.site\/tusenrose\/wp-json\/wp\/v2\/media?parent=1312"}],"wp:term":[{"taxonomy":"product_brand","embeddable":true,"href":"https:\/\/encoder-staging.site\/tusenrose\/wp-json\/wp\/v2\/product_brand?post=1312"},{"taxonomy":"product_cat","embeddable":true,"href":"https:\/\/encoder-staging.site\/tusenrose\/wp-json\/wp\/v2\/product_cat?post=1312"},{"taxonomy":"product_tag","embeddable":true,"href":"https:\/\/encoder-staging.site\/tusenrose\/wp-json\/wp\/v2\/product_tag?post=1312"}],"curies":[{"name":"wp","href":"https:\/\/api.w.org\/{rel}","templated":true}]}}