{"id":1311,"date":"2025-11-17T06:03:14","date_gmt":"2025-11-17T12:03:14","guid":{"rendered":"https:\/\/encoder-staging.site\/tusenrose\/product\/torkad-trablomma-2\/"},"modified":"2025-11-17T06:03:14","modified_gmt":"2025-11-17T12:03:14","slug":"torkad-trablomma-2","status":"publish","type":"product","link":"https:\/\/encoder-staging.site\/tusenrose\/product\/torkad-trablomma-2\/","title":{"rendered":"Torkad Tr\u00e4blomma"},"content":{"rendered":"<p><span data-mce-fragment=\"1\">Inf\u00f6r en rustik och naturlig k\u00e4nsla i ditt hem med v\u00e5ra torkade tr\u00e4blommor. Dessa unika och h\u00e5llbara dekorativa element b\u00e4r p\u00e5 sig den varma och jordn\u00e4ra estetiken av tr\u00e4, och beh\u00e5ller sin autentiska karakt\u00e4r \u00e4ven i torkat skick. Perfekta f\u00f6r att skapa en organisk atmosf\u00e4r, kan de torkade tr\u00e4blommorna st\u00e5 vackert ensamma i en vas eller anv\u00e4ndas som en sp\u00e4nnande ingrediens i en torkad bukett.<\/span><\/p>\n<p><span data-mce-fragment=\"1\">(S\u00e4ljes i bunt om\u00a05 stycken.)<\/span><\/p>\n","protected":false},"excerpt":{"rendered":"<p>Inf\u00f6r en rustik och naturlig k\u00e4nsla i ditt hem med v\u00e5ra torkade tr\u00e4blommor. Dessa unika och h\u00e5llbara dekorativa element b\u00e4r p\u00e5 sig den varma och jordn\u00e4ra estetiken av tr\u00e4, och beh\u00e5ller sin autentiska karakt\u00e4r \u00e4ven i torkat skick. Perfekta f\u00f6r att skapa en organisk atmosf\u00e4r, kan de torkade tr\u00e4blommorna st\u00e5 vackert ensamma i en vas [&hellip;]<\/p>\n","protected":false},"featured_media":902,"comment_status":"open","ping_status":"closed","template":"","meta":{"_acf_changed":false,"inline_featured_image":false},"product_brand":[],"product_cat":[45],"product_tag":[],"class_list":{"0":"post-1311","1":"product","2":"type-product","3":"status-publish","4":"has-post-thumbnail","6":"product_cat-dried-flowers","8":"first","9":"instock","10":"shipping-taxable","11":"purchasable","12":"product-type-simple"},"acf":[],"_links":{"self":[{"href":"https:\/\/encoder-staging.site\/tusenrose\/wp-json\/wp\/v2\/product\/1311","targetHints":{"allow":["GET"]}}],"collection":[{"href":"https:\/\/encoder-staging.site\/tusenrose\/wp-json\/wp\/v2\/product"}],"about":[{"href":"https:\/\/encoder-staging.site\/tusenrose\/wp-json\/wp\/v2\/types\/product"}],"replies":[{"embeddable":true,"href":"https:\/\/encoder-staging.site\/tusenrose\/wp-json\/wp\/v2\/comments?post=1311"}],"wp:featuredmedia":[{"embeddable":true,"href":"https:\/\/encoder-staging.site\/tusenrose\/wp-json\/wp\/v2\/media\/902"}],"wp:attachment":[{"href":"https:\/\/encoder-staging.site\/tusenrose\/wp-json\/wp\/v2\/media?parent=1311"}],"wp:term":[{"taxonomy":"product_brand","embeddable":true,"href":"https:\/\/encoder-staging.site\/tusenrose\/wp-json\/wp\/v2\/product_brand?post=1311"},{"taxonomy":"product_cat","embeddable":true,"href":"https:\/\/encoder-staging.site\/tusenrose\/wp-json\/wp\/v2\/product_cat?post=1311"},{"taxonomy":"product_tag","embeddable":true,"href":"https:\/\/encoder-staging.site\/tusenrose\/wp-json\/wp\/v2\/product_tag?post=1311"}],"curies":[{"name":"wp","href":"https:\/\/api.w.org\/{rel}","templated":true}]}}