{"id":1310,"date":"2025-11-17T06:03:13","date_gmt":"2025-11-17T12:03:13","guid":{"rendered":"https:\/\/encoder-staging.site\/tusenrose\/product\/torkad-tistel-2\/"},"modified":"2025-11-17T06:03:14","modified_gmt":"2025-11-17T12:03:14","slug":"torkad-tistel-2","status":"publish","type":"product","link":"https:\/\/encoder-staging.site\/tusenrose\/product\/torkad-tistel-2\/","title":{"rendered":"Torkad Tistel"},"content":{"rendered":"<p><span data-mce-fragment=\"1\">Upplev en subtil och elegant sk\u00f6nhet med v\u00e5r torkade vita tistel. Med sina mjuka nyanser av vitt erbjuder denna blomma en f\u00f6rtrollande inredningsdetalj. Perfekt som en sj\u00e4lvst\u00e4ndig prydnad eller f\u00f6r att komplettera andra blommor i en torkad bukett.<\/span><\/p>\n<p><span>(S\u00e4ljes i bunt om\u00a05 stycken.)<\/span><\/p>\n","protected":false},"excerpt":{"rendered":"<p>Upplev en subtil och elegant sk\u00f6nhet med v\u00e5r torkade vita tistel. Med sina mjuka nyanser av vitt erbjuder denna blomma en f\u00f6rtrollande inredningsdetalj. Perfekt som en sj\u00e4lvst\u00e4ndig prydnad eller f\u00f6r att komplettera andra blommor i en torkad bukett. (S\u00e4ljes i bunt om\u00a05 stycken.)<\/p>\n","protected":false},"featured_media":899,"comment_status":"open","ping_status":"closed","template":"","meta":{"_acf_changed":false,"inline_featured_image":false},"product_brand":[],"product_cat":[45],"product_tag":[],"class_list":{"0":"post-1310","1":"product","2":"type-product","3":"status-publish","4":"has-post-thumbnail","6":"product_cat-dried-flowers","8":"first","9":"instock","10":"shipping-taxable","11":"purchasable","12":"product-type-simple"},"acf":[],"_links":{"self":[{"href":"https:\/\/encoder-staging.site\/tusenrose\/wp-json\/wp\/v2\/product\/1310","targetHints":{"allow":["GET"]}}],"collection":[{"href":"https:\/\/encoder-staging.site\/tusenrose\/wp-json\/wp\/v2\/product"}],"about":[{"href":"https:\/\/encoder-staging.site\/tusenrose\/wp-json\/wp\/v2\/types\/product"}],"replies":[{"embeddable":true,"href":"https:\/\/encoder-staging.site\/tusenrose\/wp-json\/wp\/v2\/comments?post=1310"}],"wp:featuredmedia":[{"embeddable":true,"href":"https:\/\/encoder-staging.site\/tusenrose\/wp-json\/wp\/v2\/media\/899"}],"wp:attachment":[{"href":"https:\/\/encoder-staging.site\/tusenrose\/wp-json\/wp\/v2\/media?parent=1310"}],"wp:term":[{"taxonomy":"product_brand","embeddable":true,"href":"https:\/\/encoder-staging.site\/tusenrose\/wp-json\/wp\/v2\/product_brand?post=1310"},{"taxonomy":"product_cat","embeddable":true,"href":"https:\/\/encoder-staging.site\/tusenrose\/wp-json\/wp\/v2\/product_cat?post=1310"},{"taxonomy":"product_tag","embeddable":true,"href":"https:\/\/encoder-staging.site\/tusenrose\/wp-json\/wp\/v2\/product_tag?post=1310"}],"curies":[{"name":"wp","href":"https:\/\/api.w.org\/{rel}","templated":true}]}}