{"id":1309,"date":"2025-11-17T06:03:13","date_gmt":"2025-11-17T12:03:13","guid":{"rendered":"https:\/\/encoder-staging.site\/tusenrose\/product\/torkad-solboll-2\/"},"modified":"2025-11-17T06:03:13","modified_gmt":"2025-11-17T12:03:13","slug":"torkad-solboll-2","status":"publish","type":"product","link":"https:\/\/encoder-staging.site\/tusenrose\/product\/torkad-solboll-2\/","title":{"rendered":"Torkad Solboll"},"content":{"rendered":"<p><span data-mce-fragment=\"1\">Infusa din inredning med gl\u00e4dje och solig energi med v\u00e5ra torkade solbollar. Dessa charmerande och lekfulla dekorativa element b\u00e4r p\u00e5 sig en varm och livfull aura, och beh\u00e5ller sin glada karakt\u00e4r \u00e4ven i torkat skick. Perfekta f\u00f6r att sprida en k\u00e4nsla av positivitet och lekfullhet, kan de torkade solbollarna st\u00e5 solo i en vas f\u00f6r att skapa en lekfull fokuspunkt eller kombineras med andra torkade blommor f\u00f6r att skapa en glad bukett.<\/span><\/p>\n<p><span data-mce-fragment=\"1\">(Bilden visar en hel bunt f\u00f6r att ge dig en f\u00f6raning om dess charm och potential). V\u00e4lj din \u00f6nskade storlek f\u00f6r att anpassa den efter dina behov.<\/span><\/p>\n","protected":false},"excerpt":{"rendered":"<p>Infusa din inredning med gl\u00e4dje och solig energi med v\u00e5ra torkade solbollar. Dessa charmerande och lekfulla dekorativa element b\u00e4r p\u00e5 sig en varm och livfull aura, och beh\u00e5ller sin glada karakt\u00e4r \u00e4ven i torkat skick. Perfekta f\u00f6r att sprida en k\u00e4nsla av positivitet och lekfullhet, kan de torkade solbollarna st\u00e5 solo i en vas f\u00f6r [&hellip;]<\/p>\n","protected":false},"featured_media":894,"comment_status":"open","ping_status":"closed","template":"","meta":{"_acf_changed":false,"inline_featured_image":false},"product_brand":[],"product_cat":[45],"product_tag":[],"class_list":{"0":"post-1309","1":"product","2":"type-product","3":"status-publish","4":"has-post-thumbnail","6":"product_cat-dried-flowers","8":"first","9":"instock","10":"shipping-taxable","11":"purchasable","12":"product-type-simple"},"acf":[],"_links":{"self":[{"href":"https:\/\/encoder-staging.site\/tusenrose\/wp-json\/wp\/v2\/product\/1309","targetHints":{"allow":["GET"]}}],"collection":[{"href":"https:\/\/encoder-staging.site\/tusenrose\/wp-json\/wp\/v2\/product"}],"about":[{"href":"https:\/\/encoder-staging.site\/tusenrose\/wp-json\/wp\/v2\/types\/product"}],"replies":[{"embeddable":true,"href":"https:\/\/encoder-staging.site\/tusenrose\/wp-json\/wp\/v2\/comments?post=1309"}],"wp:featuredmedia":[{"embeddable":true,"href":"https:\/\/encoder-staging.site\/tusenrose\/wp-json\/wp\/v2\/media\/894"}],"wp:attachment":[{"href":"https:\/\/encoder-staging.site\/tusenrose\/wp-json\/wp\/v2\/media?parent=1309"}],"wp:term":[{"taxonomy":"product_brand","embeddable":true,"href":"https:\/\/encoder-staging.site\/tusenrose\/wp-json\/wp\/v2\/product_brand?post=1309"},{"taxonomy":"product_cat","embeddable":true,"href":"https:\/\/encoder-staging.site\/tusenrose\/wp-json\/wp\/v2\/product_cat?post=1309"},{"taxonomy":"product_tag","embeddable":true,"href":"https:\/\/encoder-staging.site\/tusenrose\/wp-json\/wp\/v2\/product_tag?post=1309"}],"curies":[{"name":"wp","href":"https:\/\/api.w.org\/{rel}","templated":true}]}}