{"id":1308,"date":"2025-11-17T06:03:13","date_gmt":"2025-11-17T12:03:13","guid":{"rendered":"https:\/\/encoder-staging.site\/tusenrose\/product\/torkad-slojsilja-2\/"},"modified":"2025-11-17T06:03:13","modified_gmt":"2025-11-17T12:03:13","slug":"torkad-slojsilja-2","status":"publish","type":"product","link":"https:\/\/encoder-staging.site\/tusenrose\/product\/torkad-slojsilja-2\/","title":{"rendered":"Torkad Sl\u00f6jsilja"},"content":{"rendered":"<p><span data-mce-fragment=\"1\">F\u00f6rmedla en k\u00e4nsla av f\u00f6rtrollande sk\u00f6nhet med v\u00e5r torkade sl\u00f6jslija. Dess fina och luftiga struktur ger en romantisk touch till din inredning. Den subtila nyansen och den delikata formen g\u00f6r sl\u00f6jslijan till en elegant och m\u00e5ngsidig dekorationsdetalj. Placera den ensam i en vas f\u00f6r att skapa en enkel, men vacker fokuspunkt, eller integrera den i en torkad bukett f\u00f6r att l\u00e4gga till l\u00e4tthet och elegans<\/span><\/p>\n<p><span data-mce-fragment=\"1\">(S\u00e4ljes i bunt om\u00a010 stycken.)<\/span><\/p>\n","protected":false},"excerpt":{"rendered":"<p>F\u00f6rmedla en k\u00e4nsla av f\u00f6rtrollande sk\u00f6nhet med v\u00e5r torkade sl\u00f6jslija. Dess fina och luftiga struktur ger en romantisk touch till din inredning. Den subtila nyansen och den delikata formen g\u00f6r sl\u00f6jslijan till en elegant och m\u00e5ngsidig dekorationsdetalj. Placera den ensam i en vas f\u00f6r att skapa en enkel, men vacker fokuspunkt, eller integrera den i [&hellip;]<\/p>\n","protected":false},"featured_media":891,"comment_status":"open","ping_status":"closed","template":"","meta":{"_acf_changed":false,"inline_featured_image":false},"product_brand":[],"product_cat":[45],"product_tag":[],"class_list":{"0":"post-1308","1":"product","2":"type-product","3":"status-publish","4":"has-post-thumbnail","6":"product_cat-dried-flowers","8":"first","9":"instock","10":"shipping-taxable","11":"purchasable","12":"product-type-simple"},"acf":[],"_links":{"self":[{"href":"https:\/\/encoder-staging.site\/tusenrose\/wp-json\/wp\/v2\/product\/1308","targetHints":{"allow":["GET"]}}],"collection":[{"href":"https:\/\/encoder-staging.site\/tusenrose\/wp-json\/wp\/v2\/product"}],"about":[{"href":"https:\/\/encoder-staging.site\/tusenrose\/wp-json\/wp\/v2\/types\/product"}],"replies":[{"embeddable":true,"href":"https:\/\/encoder-staging.site\/tusenrose\/wp-json\/wp\/v2\/comments?post=1308"}],"wp:featuredmedia":[{"embeddable":true,"href":"https:\/\/encoder-staging.site\/tusenrose\/wp-json\/wp\/v2\/media\/891"}],"wp:attachment":[{"href":"https:\/\/encoder-staging.site\/tusenrose\/wp-json\/wp\/v2\/media?parent=1308"}],"wp:term":[{"taxonomy":"product_brand","embeddable":true,"href":"https:\/\/encoder-staging.site\/tusenrose\/wp-json\/wp\/v2\/product_brand?post=1308"},{"taxonomy":"product_cat","embeddable":true,"href":"https:\/\/encoder-staging.site\/tusenrose\/wp-json\/wp\/v2\/product_cat?post=1308"},{"taxonomy":"product_tag","embeddable":true,"href":"https:\/\/encoder-staging.site\/tusenrose\/wp-json\/wp\/v2\/product_tag?post=1308"}],"curies":[{"name":"wp","href":"https:\/\/api.w.org\/{rel}","templated":true}]}}