{"id":1307,"date":"2025-11-17T06:03:13","date_gmt":"2025-11-17T12:03:13","guid":{"rendered":"https:\/\/encoder-staging.site\/tusenrose\/product\/torkad-pampasgras-2\/"},"modified":"2025-11-17T06:03:13","modified_gmt":"2025-11-17T12:03:13","slug":"torkad-pampasgras-2","status":"publish","type":"product","link":"https:\/\/encoder-staging.site\/tusenrose\/product\/torkad-pampasgras-2\/","title":{"rendered":"Torkad Pampasgr\u00e4s"},"content":{"rendered":"<p><span data-mce-fragment=\"1\">Skapa en atmosf\u00e4r av lyxig enkelhet med v\u00e5rt pampasgr\u00e4s. Denna vackra och eleganta dekorativa detalj f\u00f6rgyller ditt hem med sina mjuka, fluffiga kvastar. Pampasgr\u00e4sets neutrala toner g\u00f6r det till en m\u00e5ngsidig inredningsdetalj som passar perfekt i olika rum. Placera det i en vas f\u00f6r att skapa en sofistikerad fokuspunkt i ditt hem eller kontor.<\/span><\/p>\n<p><span data-mce-fragment=\"1\">(S\u00e4ljes i bunt om 3 stycken.)<\/span><\/p>\n<p><span data-mce-fragment=\"1\">(L\u00e4ngd ca 100-110 cm)<\/span><\/p>\n","protected":false},"excerpt":{"rendered":"<p>Skapa en atmosf\u00e4r av lyxig enkelhet med v\u00e5rt pampasgr\u00e4s. Denna vackra och eleganta dekorativa detalj f\u00f6rgyller ditt hem med sina mjuka, fluffiga kvastar. Pampasgr\u00e4sets neutrala toner g\u00f6r det till en m\u00e5ngsidig inredningsdetalj som passar perfekt i olika rum. Placera det i en vas f\u00f6r att skapa en sofistikerad fokuspunkt i ditt hem eller kontor. (S\u00e4ljes [&hellip;]<\/p>\n","protected":false},"featured_media":885,"comment_status":"open","ping_status":"closed","template":"","meta":{"_acf_changed":false,"inline_featured_image":false},"product_brand":[],"product_cat":[18],"product_tag":[],"class_list":{"0":"post-1307","1":"product","2":"type-product","3":"status-publish","4":"has-post-thumbnail","6":"product_cat-uncategorized","8":"first","9":"instock","10":"shipping-taxable","11":"purchasable","12":"product-type-simple"},"acf":[],"_links":{"self":[{"href":"https:\/\/encoder-staging.site\/tusenrose\/wp-json\/wp\/v2\/product\/1307","targetHints":{"allow":["GET"]}}],"collection":[{"href":"https:\/\/encoder-staging.site\/tusenrose\/wp-json\/wp\/v2\/product"}],"about":[{"href":"https:\/\/encoder-staging.site\/tusenrose\/wp-json\/wp\/v2\/types\/product"}],"replies":[{"embeddable":true,"href":"https:\/\/encoder-staging.site\/tusenrose\/wp-json\/wp\/v2\/comments?post=1307"}],"wp:featuredmedia":[{"embeddable":true,"href":"https:\/\/encoder-staging.site\/tusenrose\/wp-json\/wp\/v2\/media\/885"}],"wp:attachment":[{"href":"https:\/\/encoder-staging.site\/tusenrose\/wp-json\/wp\/v2\/media?parent=1307"}],"wp:term":[{"taxonomy":"product_brand","embeddable":true,"href":"https:\/\/encoder-staging.site\/tusenrose\/wp-json\/wp\/v2\/product_brand?post=1307"},{"taxonomy":"product_cat","embeddable":true,"href":"https:\/\/encoder-staging.site\/tusenrose\/wp-json\/wp\/v2\/product_cat?post=1307"},{"taxonomy":"product_tag","embeddable":true,"href":"https:\/\/encoder-staging.site\/tusenrose\/wp-json\/wp\/v2\/product_tag?post=1307"}],"curies":[{"name":"wp","href":"https:\/\/api.w.org\/{rel}","templated":true}]}}