{"id":1303,"date":"2025-11-17T06:03:12","date_gmt":"2025-11-17T12:03:12","guid":{"rendered":"https:\/\/encoder-staging.site\/tusenrose\/product\/torkad-kolvhirs-2\/"},"modified":"2025-11-17T06:03:13","modified_gmt":"2025-11-17T12:03:13","slug":"torkad-kolvhirs-2","status":"publish","type":"product","link":"https:\/\/encoder-staging.site\/tusenrose\/product\/torkad-kolvhirs-2\/","title":{"rendered":"Torkad Kolvhirs"},"content":{"rendered":"<p><span data-mce-fragment=\"1\">F\u00f6r in en solig gl\u00e4dje i din inredning med v\u00e5r torkade gula kolvhirs. Denna unika dekorativa detalj utm\u00e4rker sig med sin levande gula f\u00e4rg och karakteristiska kolvvirvlar. Perfekt som en f\u00e4rgstark accent i din heminredning, kan den anv\u00e4ndas sj\u00e4lvst\u00e4ndigt som en i\u00f6gonfallande prydnad eller blandas med andra torkade element f\u00f6r att skapa en livlig bukett.\u00a0<\/span><\/p>\n<p><span data-mce-fragment=\"1\">(Bilden visar en hel bunt f\u00f6r att ge dig en f\u00f6raning om dess charm och potential). V\u00e4lj din \u00f6nskade storlek f\u00f6r att anpassa den efter dina behov.<\/span><\/p>\n","protected":false},"excerpt":{"rendered":"<p>F\u00f6r in en solig gl\u00e4dje i din inredning med v\u00e5r torkade gula kolvhirs. Denna unika dekorativa detalj utm\u00e4rker sig med sin levande gula f\u00e4rg och karakteristiska kolvvirvlar. Perfekt som en f\u00e4rgstark accent i din heminredning, kan den anv\u00e4ndas sj\u00e4lvst\u00e4ndigt som en i\u00f6gonfallande prydnad eller blandas med andra torkade element f\u00f6r att skapa en livlig bukett.\u00a0 [&hellip;]<\/p>\n","protected":false},"featured_media":870,"comment_status":"open","ping_status":"closed","template":"","meta":{"_acf_changed":false,"inline_featured_image":false},"product_brand":[],"product_cat":[45],"product_tag":[],"class_list":{"0":"post-1303","1":"product","2":"type-product","3":"status-publish","4":"has-post-thumbnail","6":"product_cat-dried-flowers","8":"first","9":"instock","10":"shipping-taxable","11":"purchasable","12":"product-type-simple"},"acf":[],"_links":{"self":[{"href":"https:\/\/encoder-staging.site\/tusenrose\/wp-json\/wp\/v2\/product\/1303","targetHints":{"allow":["GET"]}}],"collection":[{"href":"https:\/\/encoder-staging.site\/tusenrose\/wp-json\/wp\/v2\/product"}],"about":[{"href":"https:\/\/encoder-staging.site\/tusenrose\/wp-json\/wp\/v2\/types\/product"}],"replies":[{"embeddable":true,"href":"https:\/\/encoder-staging.site\/tusenrose\/wp-json\/wp\/v2\/comments?post=1303"}],"wp:featuredmedia":[{"embeddable":true,"href":"https:\/\/encoder-staging.site\/tusenrose\/wp-json\/wp\/v2\/media\/870"}],"wp:attachment":[{"href":"https:\/\/encoder-staging.site\/tusenrose\/wp-json\/wp\/v2\/media?parent=1303"}],"wp:term":[{"taxonomy":"product_brand","embeddable":true,"href":"https:\/\/encoder-staging.site\/tusenrose\/wp-json\/wp\/v2\/product_brand?post=1303"},{"taxonomy":"product_cat","embeddable":true,"href":"https:\/\/encoder-staging.site\/tusenrose\/wp-json\/wp\/v2\/product_cat?post=1303"},{"taxonomy":"product_tag","embeddable":true,"href":"https:\/\/encoder-staging.site\/tusenrose\/wp-json\/wp\/v2\/product_tag?post=1303"}],"curies":[{"name":"wp","href":"https:\/\/api.w.org\/{rel}","templated":true}]}}