{"id":1301,"date":"2025-11-17T06:03:12","date_gmt":"2025-11-17T12:03:12","guid":{"rendered":"https:\/\/encoder-staging.site\/tusenrose\/product\/torkad-kanariegras-2\/"},"modified":"2025-11-17T06:03:12","modified_gmt":"2025-11-17T12:03:12","slug":"torkad-kanariegras-2","status":"publish","type":"product","link":"https:\/\/encoder-staging.site\/tusenrose\/product\/torkad-kanariegras-2\/","title":{"rendered":"Torkad Kanariegr\u00e4s"},"content":{"rendered":"<p><span data-mce-fragment=\"1\">F\u00f6rmedla en k\u00e4nsla av naturlig elegans med v\u00e5rt torkade canariegr\u00e4s. Den dova gr\u00f6na f\u00e4rgen g\u00f6r det till ett utm\u00e4rkt val f\u00f6r att smycka en stor urna eller agera som en perfekt bas i en torkad bukett. Oavsett om du skapar en inbjudande atmosf\u00e4r eller l\u00e4gger till en touch av gr\u00f6nt i ditt hem, kommer detta canariegr\u00e4s att imponera. V\u00e4lj din \u00f6nskade storlek och l\u00e5t denna vackra detalj bli en stilig del av din inredning.<\/span><\/p>\n<p><span data-mce-fragment=\"1\"> (Bilden visar en hel bunt f\u00f6r att ge dig en f\u00f6raning om dess charm och potential). V\u00e4lj din \u00f6nskade storlek f\u00f6r att anpassa den efter dina behov.<\/span><\/p>\n","protected":false},"excerpt":{"rendered":"<p>F\u00f6rmedla en k\u00e4nsla av naturlig elegans med v\u00e5rt torkade canariegr\u00e4s. Den dova gr\u00f6na f\u00e4rgen g\u00f6r det till ett utm\u00e4rkt val f\u00f6r att smycka en stor urna eller agera som en perfekt bas i en torkad bukett. Oavsett om du skapar en inbjudande atmosf\u00e4r eller l\u00e4gger till en touch av gr\u00f6nt i ditt hem, kommer detta [&hellip;]<\/p>\n","protected":false},"featured_media":864,"comment_status":"open","ping_status":"closed","template":"","meta":{"_acf_changed":false,"inline_featured_image":false},"product_brand":[],"product_cat":[45],"product_tag":[],"class_list":{"0":"post-1301","1":"product","2":"type-product","3":"status-publish","4":"has-post-thumbnail","6":"product_cat-dried-flowers","8":"first","9":"instock","10":"shipping-taxable","11":"purchasable","12":"product-type-simple"},"acf":[],"_links":{"self":[{"href":"https:\/\/encoder-staging.site\/tusenrose\/wp-json\/wp\/v2\/product\/1301","targetHints":{"allow":["GET"]}}],"collection":[{"href":"https:\/\/encoder-staging.site\/tusenrose\/wp-json\/wp\/v2\/product"}],"about":[{"href":"https:\/\/encoder-staging.site\/tusenrose\/wp-json\/wp\/v2\/types\/product"}],"replies":[{"embeddable":true,"href":"https:\/\/encoder-staging.site\/tusenrose\/wp-json\/wp\/v2\/comments?post=1301"}],"wp:featuredmedia":[{"embeddable":true,"href":"https:\/\/encoder-staging.site\/tusenrose\/wp-json\/wp\/v2\/media\/864"}],"wp:attachment":[{"href":"https:\/\/encoder-staging.site\/tusenrose\/wp-json\/wp\/v2\/media?parent=1301"}],"wp:term":[{"taxonomy":"product_brand","embeddable":true,"href":"https:\/\/encoder-staging.site\/tusenrose\/wp-json\/wp\/v2\/product_brand?post=1301"},{"taxonomy":"product_cat","embeddable":true,"href":"https:\/\/encoder-staging.site\/tusenrose\/wp-json\/wp\/v2\/product_cat?post=1301"},{"taxonomy":"product_tag","embeddable":true,"href":"https:\/\/encoder-staging.site\/tusenrose\/wp-json\/wp\/v2\/product_tag?post=1301"}],"curies":[{"name":"wp","href":"https:\/\/api.w.org\/{rel}","templated":true}]}}