{"id":1300,"date":"2025-11-17T06:03:12","date_gmt":"2025-11-17T12:03:12","guid":{"rendered":"https:\/\/encoder-staging.site\/tusenrose\/product\/torkad-honungsblomma-2\/"},"modified":"2025-11-17T06:03:12","modified_gmt":"2025-11-17T12:03:12","slug":"torkad-honungsblomma-2","status":"publish","type":"product","link":"https:\/\/encoder-staging.site\/tusenrose\/product\/torkad-honungsblomma-2\/","title":{"rendered":"Torkad Honungsblomma"},"content":{"rendered":"<p><span data-mce-fragment=\"1\">F\u00f6rh\u00f6j din inredning med v\u00e5r torkade honungsblomma, en delikat och charmig detalj som tillf\u00f6r en varm touch till ditt hem. De subtila nyanserna och den distinkta formen g\u00f6r dessa blommor till en perfekt inredningsdetalj, oavsett om de st\u00e5r ensamma i en vas eller integreras i en torkad bukett.<\/span><\/p>\n<p><span data-mce-fragment=\"1\">(S\u00e4ljes i bunt om\u00a03 stycken.)<\/span><\/p>\n","protected":false},"excerpt":{"rendered":"<p>F\u00f6rh\u00f6j din inredning med v\u00e5r torkade honungsblomma, en delikat och charmig detalj som tillf\u00f6r en varm touch till ditt hem. De subtila nyanserna och den distinkta formen g\u00f6r dessa blommor till en perfekt inredningsdetalj, oavsett om de st\u00e5r ensamma i en vas eller integreras i en torkad bukett. (S\u00e4ljes i bunt om\u00a03 stycken.)<\/p>\n","protected":false},"featured_media":861,"comment_status":"open","ping_status":"closed","template":"","meta":{"_acf_changed":false,"inline_featured_image":false},"product_brand":[],"product_cat":[45],"product_tag":[],"class_list":{"0":"post-1300","1":"product","2":"type-product","3":"status-publish","4":"has-post-thumbnail","6":"product_cat-dried-flowers","8":"first","9":"instock","10":"shipping-taxable","11":"purchasable","12":"product-type-simple"},"acf":[],"_links":{"self":[{"href":"https:\/\/encoder-staging.site\/tusenrose\/wp-json\/wp\/v2\/product\/1300","targetHints":{"allow":["GET"]}}],"collection":[{"href":"https:\/\/encoder-staging.site\/tusenrose\/wp-json\/wp\/v2\/product"}],"about":[{"href":"https:\/\/encoder-staging.site\/tusenrose\/wp-json\/wp\/v2\/types\/product"}],"replies":[{"embeddable":true,"href":"https:\/\/encoder-staging.site\/tusenrose\/wp-json\/wp\/v2\/comments?post=1300"}],"wp:featuredmedia":[{"embeddable":true,"href":"https:\/\/encoder-staging.site\/tusenrose\/wp-json\/wp\/v2\/media\/861"}],"wp:attachment":[{"href":"https:\/\/encoder-staging.site\/tusenrose\/wp-json\/wp\/v2\/media?parent=1300"}],"wp:term":[{"taxonomy":"product_brand","embeddable":true,"href":"https:\/\/encoder-staging.site\/tusenrose\/wp-json\/wp\/v2\/product_brand?post=1300"},{"taxonomy":"product_cat","embeddable":true,"href":"https:\/\/encoder-staging.site\/tusenrose\/wp-json\/wp\/v2\/product_cat?post=1300"},{"taxonomy":"product_tag","embeddable":true,"href":"https:\/\/encoder-staging.site\/tusenrose\/wp-json\/wp\/v2\/product_tag?post=1300"}],"curies":[{"name":"wp","href":"https:\/\/api.w.org\/{rel}","templated":true}]}}