{"id":1298,"date":"2025-11-17T06:03:12","date_gmt":"2025-11-17T12:03:12","guid":{"rendered":"https:\/\/encoder-staging.site\/tusenrose\/product\/torkad-eterneller-rosa-2\/"},"modified":"2025-11-17T06:03:12","modified_gmt":"2025-11-17T12:03:12","slug":"torkad-eterneller-rosa-2","status":"publish","type":"product","link":"https:\/\/encoder-staging.site\/tusenrose\/product\/torkad-eterneller-rosa-2\/","title":{"rendered":"Torkad Eterneller Rosa"},"content":{"rendered":"<p><span data-mce-fragment=\"1\">Infusa ditt hem med en romantisk touch genom v\u00e5r rosa torkade helichrysum. Dessa f\u00f6rtrollande blommor b\u00e4r p\u00e5 sig en \u00f6mt rosa nyans och beh\u00e5ller sin f\u00e4rgprakt \u00e4ven i torkat skick. Perfekta f\u00f6r att skapa en mjuk och romantisk atmosf\u00e4r, kan de rosa helichrysumsblommorna st\u00e5 vackert ensamma i en vas eller anv\u00e4ndas som en h\u00e4nf\u00f6rande inslag i en torkad bukett.\u00a0<\/span><\/p>\n","protected":false},"excerpt":{"rendered":"<p>Infusa ditt hem med en romantisk touch genom v\u00e5r rosa torkade helichrysum. Dessa f\u00f6rtrollande blommor b\u00e4r p\u00e5 sig en \u00f6mt rosa nyans och beh\u00e5ller sin f\u00e4rgprakt \u00e4ven i torkat skick. Perfekta f\u00f6r att skapa en mjuk och romantisk atmosf\u00e4r, kan de rosa helichrysumsblommorna st\u00e5 vackert ensamma i en vas eller anv\u00e4ndas som en h\u00e4nf\u00f6rande inslag [&hellip;]<\/p>\n","protected":false},"featured_media":853,"comment_status":"open","ping_status":"closed","template":"","meta":{"_acf_changed":false,"inline_featured_image":false},"product_brand":[],"product_cat":[45],"product_tag":[],"class_list":{"0":"post-1298","1":"product","2":"type-product","3":"status-publish","4":"has-post-thumbnail","6":"product_cat-dried-flowers","8":"first","9":"instock","10":"shipping-taxable","11":"purchasable","12":"product-type-simple"},"acf":[],"_links":{"self":[{"href":"https:\/\/encoder-staging.site\/tusenrose\/wp-json\/wp\/v2\/product\/1298","targetHints":{"allow":["GET"]}}],"collection":[{"href":"https:\/\/encoder-staging.site\/tusenrose\/wp-json\/wp\/v2\/product"}],"about":[{"href":"https:\/\/encoder-staging.site\/tusenrose\/wp-json\/wp\/v2\/types\/product"}],"replies":[{"embeddable":true,"href":"https:\/\/encoder-staging.site\/tusenrose\/wp-json\/wp\/v2\/comments?post=1298"}],"wp:featuredmedia":[{"embeddable":true,"href":"https:\/\/encoder-staging.site\/tusenrose\/wp-json\/wp\/v2\/media\/853"}],"wp:attachment":[{"href":"https:\/\/encoder-staging.site\/tusenrose\/wp-json\/wp\/v2\/media?parent=1298"}],"wp:term":[{"taxonomy":"product_brand","embeddable":true,"href":"https:\/\/encoder-staging.site\/tusenrose\/wp-json\/wp\/v2\/product_brand?post=1298"},{"taxonomy":"product_cat","embeddable":true,"href":"https:\/\/encoder-staging.site\/tusenrose\/wp-json\/wp\/v2\/product_cat?post=1298"},{"taxonomy":"product_tag","embeddable":true,"href":"https:\/\/encoder-staging.site\/tusenrose\/wp-json\/wp\/v2\/product_tag?post=1298"}],"curies":[{"name":"wp","href":"https:\/\/api.w.org\/{rel}","templated":true}]}}