{"id":1297,"date":"2025-11-17T06:03:12","date_gmt":"2025-11-17T12:03:12","guid":{"rendered":"https:\/\/encoder-staging.site\/tusenrose\/product\/torkad-eterneller-gul-2\/"},"modified":"2025-11-17T06:03:12","modified_gmt":"2025-11-17T12:03:12","slug":"torkad-eterneller-gul-2","status":"publish","type":"product","link":"https:\/\/encoder-staging.site\/tusenrose\/product\/torkad-eterneller-gul-2\/","title":{"rendered":"Torkad Eterneller Gul"},"content":{"rendered":"<p><span data-mce-fragment=\"1\">F\u00e5nga solens str\u00e5lar med v\u00e5rt torkade gula helichrysum. Denna underbara dekorativa detalj b\u00e4r p\u00e5 sig en str\u00e5lande gul f\u00e4rg, och dess blommor beh\u00e5ller sin livfullhet \u00e4ven i torkat skick. Perfekt f\u00f6r att sprida gl\u00e4dje och v\u00e4rme i din inredning, kan de gula helichrysumsblommorna st\u00e5 vackert ensamma i en vas eller integreras i en torkad bukett f\u00f6r att l\u00e4gga till kontrast och liv.\u00a0<\/span><\/p>\n","protected":false},"excerpt":{"rendered":"<p>F\u00e5nga solens str\u00e5lar med v\u00e5rt torkade gula helichrysum. Denna underbara dekorativa detalj b\u00e4r p\u00e5 sig en str\u00e5lande gul f\u00e4rg, och dess blommor beh\u00e5ller sin livfullhet \u00e4ven i torkat skick. Perfekt f\u00f6r att sprida gl\u00e4dje och v\u00e4rme i din inredning, kan de gula helichrysumsblommorna st\u00e5 vackert ensamma i en vas eller integreras i en torkad bukett [&hellip;]<\/p>\n","protected":false},"featured_media":850,"comment_status":"open","ping_status":"closed","template":"","meta":{"_acf_changed":false,"inline_featured_image":false},"product_brand":[],"product_cat":[45],"product_tag":[],"class_list":{"0":"post-1297","1":"product","2":"type-product","3":"status-publish","4":"has-post-thumbnail","6":"product_cat-dried-flowers","8":"first","9":"instock","10":"shipping-taxable","11":"purchasable","12":"product-type-simple"},"acf":[],"_links":{"self":[{"href":"https:\/\/encoder-staging.site\/tusenrose\/wp-json\/wp\/v2\/product\/1297","targetHints":{"allow":["GET"]}}],"collection":[{"href":"https:\/\/encoder-staging.site\/tusenrose\/wp-json\/wp\/v2\/product"}],"about":[{"href":"https:\/\/encoder-staging.site\/tusenrose\/wp-json\/wp\/v2\/types\/product"}],"replies":[{"embeddable":true,"href":"https:\/\/encoder-staging.site\/tusenrose\/wp-json\/wp\/v2\/comments?post=1297"}],"wp:featuredmedia":[{"embeddable":true,"href":"https:\/\/encoder-staging.site\/tusenrose\/wp-json\/wp\/v2\/media\/850"}],"wp:attachment":[{"href":"https:\/\/encoder-staging.site\/tusenrose\/wp-json\/wp\/v2\/media?parent=1297"}],"wp:term":[{"taxonomy":"product_brand","embeddable":true,"href":"https:\/\/encoder-staging.site\/tusenrose\/wp-json\/wp\/v2\/product_brand?post=1297"},{"taxonomy":"product_cat","embeddable":true,"href":"https:\/\/encoder-staging.site\/tusenrose\/wp-json\/wp\/v2\/product_cat?post=1297"},{"taxonomy":"product_tag","embeddable":true,"href":"https:\/\/encoder-staging.site\/tusenrose\/wp-json\/wp\/v2\/product_tag?post=1297"}],"curies":[{"name":"wp","href":"https:\/\/api.w.org\/{rel}","templated":true}]}}