{"id":1294,"date":"2025-11-17T06:03:11","date_gmt":"2025-11-17T12:03:11","guid":{"rendered":"https:\/\/encoder-staging.site\/tusenrose\/product\/torkad-brudsloja-2\/"},"modified":"2025-11-17T06:03:11","modified_gmt":"2025-11-17T12:03:11","slug":"torkad-brudsloja-2","status":"publish","type":"product","link":"https:\/\/encoder-staging.site\/tusenrose\/product\/torkad-brudsloja-2\/","title":{"rendered":"Torkad Brudsl\u00f6ja"},"content":{"rendered":"<p><span data-mce-fragment=\"1\">F\u00f6rh\u00f6j din inredning med romantisk charm genom v\u00e5r torkade brudsl\u00f6ja. Denna delikata och eleganta blomma b\u00e4r p\u00e5 sig en subtil vit f\u00e4rg och en f\u00f6rf\u00f6risk spetsliknande struktur. Perfekt f\u00f6r att skapa en tidl\u00f6s atmosf\u00e4r i ditt hem, kan brudsl\u00f6jan st\u00e5 vackert ensam i en vas eller integreras i en torkad bukett f\u00f6r att l\u00e4gga till en touch av br\u00f6llopsinspiration.\u00a0<\/span><\/p>\n<p><span data-mce-fragment=\"1\">(Bilden visar en hel bunt f\u00f6r att ge dig en f\u00f6raning om dess charm och potential). V\u00e4lj din \u00f6nskade storlek f\u00f6r att anpassa den efter dina behov.<\/span><\/p>\n","protected":false},"excerpt":{"rendered":"<p>F\u00f6rh\u00f6j din inredning med romantisk charm genom v\u00e5r torkade brudsl\u00f6ja. Denna delikata och eleganta blomma b\u00e4r p\u00e5 sig en subtil vit f\u00e4rg och en f\u00f6rf\u00f6risk spetsliknande struktur. Perfekt f\u00f6r att skapa en tidl\u00f6s atmosf\u00e4r i ditt hem, kan brudsl\u00f6jan st\u00e5 vackert ensam i en vas eller integreras i en torkad bukett f\u00f6r att l\u00e4gga till [&hellip;]<\/p>\n","protected":false},"featured_media":839,"comment_status":"open","ping_status":"closed","template":"","meta":{"_acf_changed":false,"inline_featured_image":false},"product_brand":[],"product_cat":[45],"product_tag":[],"class_list":{"0":"post-1294","1":"product","2":"type-product","3":"status-publish","4":"has-post-thumbnail","6":"product_cat-dried-flowers","8":"first","9":"instock","10":"shipping-taxable","11":"purchasable","12":"product-type-simple"},"acf":[],"_links":{"self":[{"href":"https:\/\/encoder-staging.site\/tusenrose\/wp-json\/wp\/v2\/product\/1294","targetHints":{"allow":["GET"]}}],"collection":[{"href":"https:\/\/encoder-staging.site\/tusenrose\/wp-json\/wp\/v2\/product"}],"about":[{"href":"https:\/\/encoder-staging.site\/tusenrose\/wp-json\/wp\/v2\/types\/product"}],"replies":[{"embeddable":true,"href":"https:\/\/encoder-staging.site\/tusenrose\/wp-json\/wp\/v2\/comments?post=1294"}],"wp:featuredmedia":[{"embeddable":true,"href":"https:\/\/encoder-staging.site\/tusenrose\/wp-json\/wp\/v2\/media\/839"}],"wp:attachment":[{"href":"https:\/\/encoder-staging.site\/tusenrose\/wp-json\/wp\/v2\/media?parent=1294"}],"wp:term":[{"taxonomy":"product_brand","embeddable":true,"href":"https:\/\/encoder-staging.site\/tusenrose\/wp-json\/wp\/v2\/product_brand?post=1294"},{"taxonomy":"product_cat","embeddable":true,"href":"https:\/\/encoder-staging.site\/tusenrose\/wp-json\/wp\/v2\/product_cat?post=1294"},{"taxonomy":"product_tag","embeddable":true,"href":"https:\/\/encoder-staging.site\/tusenrose\/wp-json\/wp\/v2\/product_tag?post=1294"}],"curies":[{"name":"wp","href":"https:\/\/api.w.org\/{rel}","templated":true}]}}