{"id":1291,"date":"2025-11-17T06:03:11","date_gmt":"2025-11-17T12:03:11","guid":{"rendered":"https:\/\/encoder-staging.site\/tusenrose\/product\/torkad-achillea-2\/"},"modified":"2025-11-17T06:03:11","modified_gmt":"2025-11-17T12:03:11","slug":"torkad-achillea-2","status":"publish","type":"product","link":"https:\/\/encoder-staging.site\/tusenrose\/product\/torkad-achillea-2\/","title":{"rendered":"Torkad Achillea"},"content":{"rendered":"<p><span data-mce-fragment=\"1\">Upplev charm och naturlig sk\u00f6nhet med v\u00e5r torkade gula Achillea. Denna eleganta blomma f\u00e5ngar essensen av svenska somrar med sin dova gula nyans. Perfekt som en trendig inredningsdetalj, harmoniserar den v\u00e4l med andra blommor i en torkad bukett. V\u00e4lj din \u00f6nskade storlek och l\u00e5t denna vackra Achillea addera en touch av naturens lugn till ditt hem.<\/span><\/p>\n<p><span data-mce-fragment=\"1\">(S\u00e4ljes i bunt om\u00a010 stycken.)<\/span><\/p>\n","protected":false},"excerpt":{"rendered":"<p>Upplev charm och naturlig sk\u00f6nhet med v\u00e5r torkade gula Achillea. Denna eleganta blomma f\u00e5ngar essensen av svenska somrar med sin dova gula nyans. Perfekt som en trendig inredningsdetalj, harmoniserar den v\u00e4l med andra blommor i en torkad bukett. V\u00e4lj din \u00f6nskade storlek och l\u00e5t denna vackra Achillea addera en touch av naturens lugn till ditt [&hellip;]<\/p>\n","protected":false},"featured_media":827,"comment_status":"open","ping_status":"closed","template":"","meta":{"_acf_changed":false,"inline_featured_image":false},"product_brand":[],"product_cat":[45],"product_tag":[],"class_list":{"0":"post-1291","1":"product","2":"type-product","3":"status-publish","4":"has-post-thumbnail","6":"product_cat-dried-flowers","8":"first","9":"instock","10":"shipping-taxable","11":"purchasable","12":"product-type-simple"},"acf":[],"_links":{"self":[{"href":"https:\/\/encoder-staging.site\/tusenrose\/wp-json\/wp\/v2\/product\/1291","targetHints":{"allow":["GET"]}}],"collection":[{"href":"https:\/\/encoder-staging.site\/tusenrose\/wp-json\/wp\/v2\/product"}],"about":[{"href":"https:\/\/encoder-staging.site\/tusenrose\/wp-json\/wp\/v2\/types\/product"}],"replies":[{"embeddable":true,"href":"https:\/\/encoder-staging.site\/tusenrose\/wp-json\/wp\/v2\/comments?post=1291"}],"wp:featuredmedia":[{"embeddable":true,"href":"https:\/\/encoder-staging.site\/tusenrose\/wp-json\/wp\/v2\/media\/827"}],"wp:attachment":[{"href":"https:\/\/encoder-staging.site\/tusenrose\/wp-json\/wp\/v2\/media?parent=1291"}],"wp:term":[{"taxonomy":"product_brand","embeddable":true,"href":"https:\/\/encoder-staging.site\/tusenrose\/wp-json\/wp\/v2\/product_brand?post=1291"},{"taxonomy":"product_cat","embeddable":true,"href":"https:\/\/encoder-staging.site\/tusenrose\/wp-json\/wp\/v2\/product_cat?post=1291"},{"taxonomy":"product_tag","embeddable":true,"href":"https:\/\/encoder-staging.site\/tusenrose\/wp-json\/wp\/v2\/product_tag?post=1291"}],"curies":[{"name":"wp","href":"https:\/\/api.w.org\/{rel}","templated":true}]}}