{"id":1290,"date":"2025-11-17T06:03:11","date_gmt":"2025-11-17T12:03:11","guid":{"rendered":"https:\/\/encoder-staging.site\/tusenrose\/product\/torkad-kvastgras-2\/"},"modified":"2025-11-17T06:03:11","modified_gmt":"2025-11-17T12:03:11","slug":"torkad-kvastgras-2","status":"publish","type":"product","link":"https:\/\/encoder-staging.site\/tusenrose\/product\/torkad-kvastgras-2\/","title":{"rendered":"Torkad kvastgr\u00e4s"},"content":{"rendered":"<p><span>Torkad kvastgr\u00e4s \u00e4r perfekt f\u00f6r att skapa en naturlig och svensk atmosf\u00e4r n\u00e4r det h\u00e4ngs p\u00e5 v\u00e4ggen. Det fungerar ocks\u00e5 utm\u00e4rkt f\u00f6r olika pysselprojekt, som till exempel att anv\u00e4nda det i en torkad krans.<\/span><\/p>\n<p><span>(Bilden visar en hel bunt f\u00f6r att ge dig en f\u00f6raning om dess charm och potential). V\u00e4lj din \u00f6nskade storlek f\u00f6r att anpassa den efter dina behov.<\/span><\/p>\n","protected":false},"excerpt":{"rendered":"<p>Torkad kvastgr\u00e4s \u00e4r perfekt f\u00f6r att skapa en naturlig och svensk atmosf\u00e4r n\u00e4r det h\u00e4ngs p\u00e5 v\u00e4ggen. Det fungerar ocks\u00e5 utm\u00e4rkt f\u00f6r olika pysselprojekt, som till exempel att anv\u00e4nda det i en torkad krans. (Bilden visar en hel bunt f\u00f6r att ge dig en f\u00f6raning om dess charm och potential). V\u00e4lj din \u00f6nskade storlek f\u00f6r [&hellip;]<\/p>\n","protected":false},"featured_media":824,"comment_status":"open","ping_status":"closed","template":"","meta":{"_acf_changed":false,"inline_featured_image":false},"product_brand":[],"product_cat":[18],"product_tag":[],"class_list":{"0":"post-1290","1":"product","2":"type-product","3":"status-publish","4":"has-post-thumbnail","6":"product_cat-uncategorized","8":"first","9":"instock","10":"shipping-taxable","11":"purchasable","12":"product-type-simple"},"acf":[],"_links":{"self":[{"href":"https:\/\/encoder-staging.site\/tusenrose\/wp-json\/wp\/v2\/product\/1290","targetHints":{"allow":["GET"]}}],"collection":[{"href":"https:\/\/encoder-staging.site\/tusenrose\/wp-json\/wp\/v2\/product"}],"about":[{"href":"https:\/\/encoder-staging.site\/tusenrose\/wp-json\/wp\/v2\/types\/product"}],"replies":[{"embeddable":true,"href":"https:\/\/encoder-staging.site\/tusenrose\/wp-json\/wp\/v2\/comments?post=1290"}],"wp:featuredmedia":[{"embeddable":true,"href":"https:\/\/encoder-staging.site\/tusenrose\/wp-json\/wp\/v2\/media\/824"}],"wp:attachment":[{"href":"https:\/\/encoder-staging.site\/tusenrose\/wp-json\/wp\/v2\/media?parent=1290"}],"wp:term":[{"taxonomy":"product_brand","embeddable":true,"href":"https:\/\/encoder-staging.site\/tusenrose\/wp-json\/wp\/v2\/product_brand?post=1290"},{"taxonomy":"product_cat","embeddable":true,"href":"https:\/\/encoder-staging.site\/tusenrose\/wp-json\/wp\/v2\/product_cat?post=1290"},{"taxonomy":"product_tag","embeddable":true,"href":"https:\/\/encoder-staging.site\/tusenrose\/wp-json\/wp\/v2\/product_tag?post=1290"}],"curies":[{"name":"wp","href":"https:\/\/api.w.org\/{rel}","templated":true}]}}