{"id":1287,"date":"2025-11-17T06:03:10","date_gmt":"2025-11-17T12:03:10","guid":{"rendered":"https:\/\/encoder-staging.site\/tusenrose\/product\/teddybjornen-ali-2\/"},"modified":"2025-11-17T06:03:10","modified_gmt":"2025-11-17T12:03:10","slug":"teddybjornen-ali-2","status":"publish","type":"product","link":"https:\/\/encoder-staging.site\/tusenrose\/product\/teddybjornen-ali-2\/","title":{"rendered":"Teddybj\u00f6rnen Ali"},"content":{"rendered":"<p><span data-mce-fragment=\"1\">Teddybj\u00f6rn i plysch material, Ljusbl\u00e5a kl\u00e4der fr\u00e5n Tusen rosor.<\/span><\/p>\n<p><span>Dimensioner: 16X14,5X12,5\u00a0cm.<\/span><\/p>\n<p><span>H\u00f6jd:\u00a012.5 cm<\/span><\/p>\n<p><span>Bredd: 14 cm<\/span><\/p>\n<p><span>L\u00e4ngd: 16 cm<\/span><\/p>\n","protected":false},"excerpt":{"rendered":"<p>Teddybj\u00f6rn i plysch material, Ljusbl\u00e5a kl\u00e4der fr\u00e5n Tusen rosor. Dimensioner: 16X14,5X12,5\u00a0cm. H\u00f6jd:\u00a012.5 cm Bredd: 14 cm L\u00e4ngd: 16 cm<\/p>\n","protected":false},"featured_media":815,"comment_status":"open","ping_status":"closed","template":"","meta":{"_acf_changed":false,"inline_featured_image":false},"product_brand":[],"product_cat":[53,55],"product_tag":[],"class_list":{"0":"post-1287","1":"product","2":"type-product","3":"status-publish","4":"has-post-thumbnail","6":"product_cat-dolls","7":"product_cat-stuffed-animals","9":"first","10":"instock","11":"shipping-taxable","12":"purchasable","13":"product-type-simple"},"acf":[],"_links":{"self":[{"href":"https:\/\/encoder-staging.site\/tusenrose\/wp-json\/wp\/v2\/product\/1287","targetHints":{"allow":["GET"]}}],"collection":[{"href":"https:\/\/encoder-staging.site\/tusenrose\/wp-json\/wp\/v2\/product"}],"about":[{"href":"https:\/\/encoder-staging.site\/tusenrose\/wp-json\/wp\/v2\/types\/product"}],"replies":[{"embeddable":true,"href":"https:\/\/encoder-staging.site\/tusenrose\/wp-json\/wp\/v2\/comments?post=1287"}],"wp:featuredmedia":[{"embeddable":true,"href":"https:\/\/encoder-staging.site\/tusenrose\/wp-json\/wp\/v2\/media\/815"}],"wp:attachment":[{"href":"https:\/\/encoder-staging.site\/tusenrose\/wp-json\/wp\/v2\/media?parent=1287"}],"wp:term":[{"taxonomy":"product_brand","embeddable":true,"href":"https:\/\/encoder-staging.site\/tusenrose\/wp-json\/wp\/v2\/product_brand?post=1287"},{"taxonomy":"product_cat","embeddable":true,"href":"https:\/\/encoder-staging.site\/tusenrose\/wp-json\/wp\/v2\/product_cat?post=1287"},{"taxonomy":"product_tag","embeddable":true,"href":"https:\/\/encoder-staging.site\/tusenrose\/wp-json\/wp\/v2\/product_tag?post=1287"}],"curies":[{"name":"wp","href":"https:\/\/api.w.org\/{rel}","templated":true}]}}