{"id":1285,"date":"2025-11-17T06:03:10","date_gmt":"2025-11-17T12:03:10","guid":{"rendered":"https:\/\/encoder-staging.site\/tusenrose\/product\/solskensprakt-2\/"},"modified":"2025-11-17T06:03:10","modified_gmt":"2025-11-17T12:03:10","slug":"solskensprakt-2","status":"publish","type":"product","link":"https:\/\/encoder-staging.site\/tusenrose\/product\/solskensprakt-2\/","title":{"rendered":"Solskensprakt"},"content":{"rendered":"<p><meta charset=\"utf-8\"><\/p>\n<p>Upplev l\u00e5ngvarig sk\u00f6nhet och h\u00e5llbarhet med v\u00e5r enast\u00e5ende bukett av torkade och h\u00e5llbara blommor, bevarad i upp till \u00e5tta m\u00e5nader genom en doppning i biologiskt nedbrytbar nektar.<\/p>\n<p>De mjuka tonerna av gult, vitt och gr\u00f6nt skapar en bukett som \u00e4r en visuell fest och en fr\u00f6jd f\u00f6r sinnena. Inuti finner du en exklusiv kombination av echinops, avena haver, eucalyptus parvifoglia, brudsl\u00f6ja, setaria, craspedia, pteridium fern och papaver &#8211; varje blomma noggrant utvald f\u00f6r att skapa en harmonisk och h\u00e5llbar komposition.<\/p>\n<p>Denna bukett \u00e4r inte bara en g\u00e5va, den \u00e4r ett konstverk av h\u00e5llbarhet och elegans. Varje blomma, dr\u00e4nkt i biologiskt nedbrytbar nektar, blir en symbol f\u00f6r tidl\u00f6s sk\u00f6nhet och respekt f\u00f6r naturen.<\/p>\n<p>Best\u00e4ll nu och l\u00e5t denna bukett bli en varaktig manifestation av din omtanke och goda smak. Ge bort en bit av naturens underverk och skapa minnen med denna unika kombination av torkade och h\u00e5llbara blommor.<\/p>\n<p>Enkel &#8211; H\u00f6jd 50-55 cm.<\/p>\n<p>Lyxig &#8211; H\u00f6jd 55-60 cm (Denna bukett \u00e4r som minimum 75% st\u00f6rre \u00e4n bukett Enkel.<\/p>\n<p>Storslagen &#8211; H\u00f6jd 60-65 cm (Denna bukett \u00e4r minimum 150% st\u00f6rre \u00e4n bukett Enkel.<\/p>\n","protected":false},"excerpt":{"rendered":"<p>Upplev l\u00e5ngvarig sk\u00f6nhet och h\u00e5llbarhet med v\u00e5r enast\u00e5ende bukett av torkade och h\u00e5llbara blommor, bevarad i upp till \u00e5tta m\u00e5nader genom en doppning i biologiskt nedbrytbar nektar. De mjuka tonerna av gult, vitt och gr\u00f6nt skapar en bukett som \u00e4r en visuell fest och en fr\u00f6jd f\u00f6r sinnena. Inuti finner du en exklusiv kombination av [&hellip;]<\/p>\n","protected":false},"featured_media":808,"comment_status":"open","ping_status":"closed","template":"","meta":{"_acf_changed":false,"inline_featured_image":false},"product_brand":[],"product_cat":[45],"product_tag":[],"class_list":{"0":"post-1285","1":"product","2":"type-product","3":"status-publish","4":"has-post-thumbnail","6":"product_cat-dried-flowers","8":"first","9":"instock","10":"shipping-taxable","11":"purchasable","12":"product-type-simple"},"acf":[],"_links":{"self":[{"href":"https:\/\/encoder-staging.site\/tusenrose\/wp-json\/wp\/v2\/product\/1285","targetHints":{"allow":["GET"]}}],"collection":[{"href":"https:\/\/encoder-staging.site\/tusenrose\/wp-json\/wp\/v2\/product"}],"about":[{"href":"https:\/\/encoder-staging.site\/tusenrose\/wp-json\/wp\/v2\/types\/product"}],"replies":[{"embeddable":true,"href":"https:\/\/encoder-staging.site\/tusenrose\/wp-json\/wp\/v2\/comments?post=1285"}],"wp:featuredmedia":[{"embeddable":true,"href":"https:\/\/encoder-staging.site\/tusenrose\/wp-json\/wp\/v2\/media\/808"}],"wp:attachment":[{"href":"https:\/\/encoder-staging.site\/tusenrose\/wp-json\/wp\/v2\/media?parent=1285"}],"wp:term":[{"taxonomy":"product_brand","embeddable":true,"href":"https:\/\/encoder-staging.site\/tusenrose\/wp-json\/wp\/v2\/product_brand?post=1285"},{"taxonomy":"product_cat","embeddable":true,"href":"https:\/\/encoder-staging.site\/tusenrose\/wp-json\/wp\/v2\/product_cat?post=1285"},{"taxonomy":"product_tag","embeddable":true,"href":"https:\/\/encoder-staging.site\/tusenrose\/wp-json\/wp\/v2\/product_tag?post=1285"}],"curies":[{"name":"wp","href":"https:\/\/api.w.org\/{rel}","templated":true}]}}