{"id":1258,"date":"2025-11-17T06:03:06","date_gmt":"2025-11-17T12:03:06","guid":{"rendered":"https:\/\/encoder-staging.site\/tusenrose\/product\/roda-evighetsrosor-classic-box-premium-2\/"},"modified":"2025-11-17T06:03:06","modified_gmt":"2025-11-17T12:03:06","slug":"roda-evighetsrosor-classic-box-premium-2","status":"publish","type":"product","link":"https:\/\/encoder-staging.site\/tusenrose\/product\/roda-evighetsrosor-classic-box-premium-2\/","title":{"rendered":"R\u00f6da evighetsrosor | Classic box Premium"},"content":{"rendered":"<div class=\"\">\n<div class=\"\">\n<div class=\"\">\n<div class=\"\">Alla \u00e4lskar ett original. Tusen rosor Classic Premium-kollektion var\u00a0v\u00e5r allra f\u00f6rsta kollektion, designad av <span style=\"text-decoration: underline;\"><em>Lotte feruchi<\/em><\/span>\u00a0som har satt kvalitetsstandarden f\u00f6r evighetsrosor sedan dess.<\/div>\n<div class=\"\"><\/div>\n<div class=\"\">\n<div class=\"\">\n<div class=\"\">\n<div class=\"\">\n<p>V\u00e5r Classic-kollektion Premium f\u00f6renar elegansen och lyxen i en riktigt stor rund ask fylld med\u00a0r\u00f6da evighetsrosor som bara v\u00e4ntar p\u00e5 att \u00f6verraska.<\/p>\n<p>Tusen rosor presenterar stolt Classic-kollektionen Premium som verkligen ger en &#8216;WOW&#8217; effekt samtidigt som du l\u00e4gger till tidl\u00f6s lyx till ditt hem.<\/p>\n<p>Rosbox storlek:\u00a040 cm\u00a0<span data-mce-fragment=\"1\">\u00d8<\/span><\/p>\n<p>Antal evighetsrosor:\u00a050-60<\/p>\n<p style=\"text-align: center;\">\u00a0<\/p>\n<\/div>\n<div class=\"\"><\/div>\n<div class=\"\"><\/div>\n<div class=\"\"><\/div>\n<div class=\"\"><\/div>\n<div class=\"\">\n<h3><\/h3>\n<\/div>\n<\/div>\n<\/div>\n<div class=\"\">\n<div class=\"\">\n<div class=\"\"><\/div>\n<\/div>\n<\/div>\n<\/div>\n<\/div>\n<\/div>\n<\/div>\n","protected":false},"excerpt":{"rendered":"<p>Alla \u00e4lskar ett original. Tusen rosor Classic Premium-kollektion var\u00a0v\u00e5r allra f\u00f6rsta kollektion, designad av Lotte feruchi\u00a0som har satt kvalitetsstandarden f\u00f6r evighetsrosor sedan dess. V\u00e5r Classic-kollektion Premium f\u00f6renar elegansen och lyxen i en riktigt stor rund ask fylld med\u00a0r\u00f6da evighetsrosor som bara v\u00e4ntar p\u00e5 att \u00f6verraska. Tusen rosor presenterar stolt Classic-kollektionen Premium som verkligen ger en [&hellip;]<\/p>\n","protected":false},"featured_media":704,"comment_status":"open","ping_status":"closed","template":"","meta":{"_acf_changed":false,"inline_featured_image":false},"product_brand":[],"product_cat":[40],"product_tag":[],"class_list":{"0":"post-1258","1":"product","2":"type-product","3":"status-publish","4":"has-post-thumbnail","6":"product_cat-flowers","8":"first","9":"instock","10":"shipping-taxable","11":"purchasable","12":"product-type-simple"},"acf":[],"_links":{"self":[{"href":"https:\/\/encoder-staging.site\/tusenrose\/wp-json\/wp\/v2\/product\/1258","targetHints":{"allow":["GET"]}}],"collection":[{"href":"https:\/\/encoder-staging.site\/tusenrose\/wp-json\/wp\/v2\/product"}],"about":[{"href":"https:\/\/encoder-staging.site\/tusenrose\/wp-json\/wp\/v2\/types\/product"}],"replies":[{"embeddable":true,"href":"https:\/\/encoder-staging.site\/tusenrose\/wp-json\/wp\/v2\/comments?post=1258"}],"wp:featuredmedia":[{"embeddable":true,"href":"https:\/\/encoder-staging.site\/tusenrose\/wp-json\/wp\/v2\/media\/704"}],"wp:attachment":[{"href":"https:\/\/encoder-staging.site\/tusenrose\/wp-json\/wp\/v2\/media?parent=1258"}],"wp:term":[{"taxonomy":"product_brand","embeddable":true,"href":"https:\/\/encoder-staging.site\/tusenrose\/wp-json\/wp\/v2\/product_brand?post=1258"},{"taxonomy":"product_cat","embeddable":true,"href":"https:\/\/encoder-staging.site\/tusenrose\/wp-json\/wp\/v2\/product_cat?post=1258"},{"taxonomy":"product_tag","embeddable":true,"href":"https:\/\/encoder-staging.site\/tusenrose\/wp-json\/wp\/v2\/product_tag?post=1258"}],"curies":[{"name":"wp","href":"https:\/\/api.w.org\/{rel}","templated":true}]}}