{"id":1253,"date":"2025-11-17T06:03:05","date_gmt":"2025-11-17T12:03:05","guid":{"rendered":"https:\/\/encoder-staging.site\/tusenrose\/product\/roda-evighetsrosor-kvadrat-box-premium-2\/"},"modified":"2025-11-17T06:03:05","modified_gmt":"2025-11-17T12:03:05","slug":"roda-evighetsrosor-kvadrat-box-premium-2","status":"publish","type":"product","link":"https:\/\/encoder-staging.site\/tusenrose\/product\/roda-evighetsrosor-kvadrat-box-premium-2\/","title":{"rendered":"R\u00f6da evighetsrosor | Kvadrat box Premium"},"content":{"rendered":"<div class=\"\">\n<div class=\"\">\n<div class=\"\">\n<span>Tusen rosor\u00ae presenterar sin Square-kollektion f\u00f6r att inse att vi alla \u00e4r unika och f\u00f6rtj\u00e4nar en liten smak av lyx i v\u00e5r vardag.<\/span><span>\u00a0<\/span>\n<\/div>\n<p>\u00a0<\/p>\n<div class=\"\"><span><\/span><\/div>\n<div class=\"\"><span><\/span><\/div>\n<div class=\"\">\n<span>V\u00e5r Square Collection f\u00e5r ett helt nytt utseende i denna unika svarta l\u00e5da fylld med\u00a0r\u00f6da rosor.<\/span><span>\u00a0<\/span>\n<\/div>\n<p>\u00a0<\/p>\n<div class=\"\"><span><\/span><\/div>\n<div class=\"\"><span><\/span><\/div>\n<div class=\"\"><span>Detta underbara arrangemang av naturligt bevarade, evighetsrosor visar upp modern geometri f\u00f6r modern sk\u00f6nhet. V\u00e5ra fyrkantiga l\u00e5dor \u00e4r ocks\u00e5 en favorit f\u00f6r m\u00e4n och sitter perfekt var som helst, som ditt skrivbord eller byr\u00e5 f\u00f6r lite extra pop.<\/span><\/div>\n<p>\u00a0<\/p>\n<div class=\"\"><span><\/span><\/div>\n<div class=\"\"><span><\/span><\/div>\n<div class=\"\">\n<span>Rosbox storlek:\u00a031 cm<\/span> \u2300<\/div>\n<div class=\"\"><span>Antal rosor: 55-65<\/span><\/div>\n<\/div>\n<\/div>\n<div class=\"\">\n<div class=\"\">\n<div class=\"\"><\/div>\n<\/div>\n<\/div>\n<style><!--\n.chip {\n  display: inline-block;\n  padding: 0 25px;\n  height: 50px;\n  font-size: 16px;\n  line-height: 50px;\n  border-radius: 25px;\n  background-color: #f1f1f1;\n}\n\n.chip img {\n  float: left;\n  margin: 0 10px 0 -25px;\n  height: 50px;\n  width: 50px;\n  border-radius: 50%;\n}\n--><\/style>\n","protected":false},"excerpt":{"rendered":"<p>Tusen rosor\u00ae presenterar sin Square-kollektion f\u00f6r att inse att vi alla \u00e4r unika och f\u00f6rtj\u00e4nar en liten smak av lyx i v\u00e5r vardag.\u00a0 \u00a0 V\u00e5r Square Collection f\u00e5r ett helt nytt utseende i denna unika svarta l\u00e5da fylld med\u00a0r\u00f6da rosor.\u00a0 \u00a0 Detta underbara arrangemang av naturligt bevarade, evighetsrosor visar upp modern geometri f\u00f6r modern sk\u00f6nhet. [&hellip;]<\/p>\n","protected":false},"featured_media":690,"comment_status":"open","ping_status":"closed","template":"","meta":{"_acf_changed":false,"inline_featured_image":false},"product_brand":[],"product_cat":[40],"product_tag":[],"class_list":{"0":"post-1253","1":"product","2":"type-product","3":"status-publish","4":"has-post-thumbnail","6":"product_cat-flowers","8":"first","9":"instock","10":"shipping-taxable","11":"purchasable","12":"product-type-simple"},"acf":[],"_links":{"self":[{"href":"https:\/\/encoder-staging.site\/tusenrose\/wp-json\/wp\/v2\/product\/1253","targetHints":{"allow":["GET"]}}],"collection":[{"href":"https:\/\/encoder-staging.site\/tusenrose\/wp-json\/wp\/v2\/product"}],"about":[{"href":"https:\/\/encoder-staging.site\/tusenrose\/wp-json\/wp\/v2\/types\/product"}],"replies":[{"embeddable":true,"href":"https:\/\/encoder-staging.site\/tusenrose\/wp-json\/wp\/v2\/comments?post=1253"}],"wp:featuredmedia":[{"embeddable":true,"href":"https:\/\/encoder-staging.site\/tusenrose\/wp-json\/wp\/v2\/media\/690"}],"wp:attachment":[{"href":"https:\/\/encoder-staging.site\/tusenrose\/wp-json\/wp\/v2\/media?parent=1253"}],"wp:term":[{"taxonomy":"product_brand","embeddable":true,"href":"https:\/\/encoder-staging.site\/tusenrose\/wp-json\/wp\/v2\/product_brand?post=1253"},{"taxonomy":"product_cat","embeddable":true,"href":"https:\/\/encoder-staging.site\/tusenrose\/wp-json\/wp\/v2\/product_cat?post=1253"},{"taxonomy":"product_tag","embeddable":true,"href":"https:\/\/encoder-staging.site\/tusenrose\/wp-json\/wp\/v2\/product_tag?post=1253"}],"curies":[{"name":"wp","href":"https:\/\/api.w.org\/{rel}","templated":true}]}}