{"id":1252,"date":"2025-11-17T06:03:04","date_gmt":"2025-11-17T12:03:04","guid":{"rendered":"https:\/\/encoder-staging.site\/tusenrose\/product\/roda-evighetsrosor-super-dome-2\/"},"modified":"2025-11-17T06:03:04","modified_gmt":"2025-11-17T12:03:04","slug":"roda-evighetsrosor-super-dome-2","status":"publish","type":"product","link":"https:\/\/encoder-staging.site\/tusenrose\/product\/roda-evighetsrosor-super-dome-2\/","title":{"rendered":"R\u00f6da evighetsrosor | Super dome"},"content":{"rendered":"<div class=\"\">\n<div class=\"\">\n<div class=\"\">Tusen rosor\u00ae\u00a0Super dome-kollektionen \u00e4r lika i\u00f6gonfallande som m\u00e4ktig. Denna ask med rosor ger lyx och elegans till ditt hem\u00a0placerat p\u00e5\u00a0ett soffbord, nattduksbord eller f\u00f6nsterbr\u00e4da eller varf\u00f6r inte till och med p\u00e5 kontoret?<\/div>\n<div class=\"\"><\/div>\n<p>\u00a0<\/p>\n<div class=\"\">Den handgjorda svarta l\u00e5dan i v\u00e5rt\u00a0Super dome-arrangemang visar upp\u00a0r\u00f6da evighetsrosor.<\/div>\n<div class=\"\"><\/div>\n<div class=\"\">Perfekt f\u00f6r en l\u00e5ngvarig kvalitetspresent till den d\u00e4r speciella personen som f\u00f6rtj\u00e4nar lite extra.<\/div>\n<div class=\"\"><\/div>\n<p>\u00a0<\/p>\n<div class=\"\"><\/div>\n<div class=\"\">Boxstorlek:\u00a027\u00a0cm<span data-mce-fragment=\"1\">\u2300<\/span>\n<\/div>\n<div class=\"\">Antal rosor: 36-40<\/div>\n<\/div>\n<\/div>\n<div class=\"\">\n<div class=\"\">\n<div class=\"\"><\/div>\n<\/div>\n<\/div>\n<style><!--\n.chip {\n  display: inline-block;\n  padding: 0 25px;\n  height: 50px;\n  font-size: 16px;\n  line-height: 50px;\n  border-radius: 25px;\n  background-color: #f1f1f1;\n}\n\n.chip img {\n  float: left;\n  margin: 0 10px 0 -25px;\n  height: 50px;\n  width: 50px;\n  border-radius: 50%;\n}\n--><\/style>\n","protected":false},"excerpt":{"rendered":"<p>Tusen rosor\u00ae\u00a0Super dome-kollektionen \u00e4r lika i\u00f6gonfallande som m\u00e4ktig. Denna ask med rosor ger lyx och elegans till ditt hem\u00a0placerat p\u00e5\u00a0ett soffbord, nattduksbord eller f\u00f6nsterbr\u00e4da eller varf\u00f6r inte till och med p\u00e5 kontoret? \u00a0 Den handgjorda svarta l\u00e5dan i v\u00e5rt\u00a0Super dome-arrangemang visar upp\u00a0r\u00f6da evighetsrosor. Perfekt f\u00f6r en l\u00e5ngvarig kvalitetspresent till den d\u00e4r speciella personen som f\u00f6rtj\u00e4nar [&hellip;]<\/p>\n","protected":false},"featured_media":688,"comment_status":"open","ping_status":"closed","template":"","meta":{"_acf_changed":false,"inline_featured_image":false},"product_brand":[],"product_cat":[40],"product_tag":[],"class_list":{"0":"post-1252","1":"product","2":"type-product","3":"status-publish","4":"has-post-thumbnail","6":"product_cat-flowers","8":"first","9":"instock","10":"shipping-taxable","11":"purchasable","12":"product-type-simple"},"acf":[],"_links":{"self":[{"href":"https:\/\/encoder-staging.site\/tusenrose\/wp-json\/wp\/v2\/product\/1252","targetHints":{"allow":["GET"]}}],"collection":[{"href":"https:\/\/encoder-staging.site\/tusenrose\/wp-json\/wp\/v2\/product"}],"about":[{"href":"https:\/\/encoder-staging.site\/tusenrose\/wp-json\/wp\/v2\/types\/product"}],"replies":[{"embeddable":true,"href":"https:\/\/encoder-staging.site\/tusenrose\/wp-json\/wp\/v2\/comments?post=1252"}],"wp:featuredmedia":[{"embeddable":true,"href":"https:\/\/encoder-staging.site\/tusenrose\/wp-json\/wp\/v2\/media\/688"}],"wp:attachment":[{"href":"https:\/\/encoder-staging.site\/tusenrose\/wp-json\/wp\/v2\/media?parent=1252"}],"wp:term":[{"taxonomy":"product_brand","embeddable":true,"href":"https:\/\/encoder-staging.site\/tusenrose\/wp-json\/wp\/v2\/product_brand?post=1252"},{"taxonomy":"product_cat","embeddable":true,"href":"https:\/\/encoder-staging.site\/tusenrose\/wp-json\/wp\/v2\/product_cat?post=1252"},{"taxonomy":"product_tag","embeddable":true,"href":"https:\/\/encoder-staging.site\/tusenrose\/wp-json\/wp\/v2\/product_tag?post=1252"}],"curies":[{"name":"wp","href":"https:\/\/api.w.org\/{rel}","templated":true}]}}