{"id":1251,"date":"2025-11-17T06:03:04","date_gmt":"2025-11-17T12:03:04","guid":{"rendered":"https:\/\/encoder-staging.site\/tusenrose\/product\/rod-symfoni-2\/"},"modified":"2025-11-17T06:03:04","modified_gmt":"2025-11-17T12:03:04","slug":"rod-symfoni-2","status":"publish","type":"product","link":"https:\/\/encoder-staging.site\/tusenrose\/product\/rod-symfoni-2\/","title":{"rendered":"R\u00f6d symfoni"},"content":{"rendered":"<p><meta charset=\"utf-8\"><\/p>\n<p>F\u00f6rmedla varaktig sk\u00f6nhet och h\u00e5llbarhet med v\u00e5r unika bukett av torkade och h\u00e5llbara blommor, bevarad i upp till \u00e5tta m\u00e5nader genom en doppning i biologiskt nedbrytbar nektar.<\/p>\n<p>De dj\u00e4rva tonerna av r\u00f6tt, orange, brunt och gr\u00f6nt skapar en bukett som \u00e4r en livfull hyllning till naturens f\u00e4rgprakt. Inuti finner du en elegant kombination av echinops, phalaris, helecho, eucalyptus espiral och brudsl\u00f6ja &#8211; var och en noggrant utvald f\u00f6r att inf\u00f6rliva unik sk\u00f6nhet och h\u00e5llbarhet.<\/p>\n<p>Denna bukett \u00e4r mer \u00e4n bara blommor, den representerar en milj\u00f6medveten gest av k\u00e4rlek och omtanke. Varje blomma, neds\u00e4nkt i biologiskt nedbrytbar nektar, blir en symbol f\u00f6r ansvarsfull sk\u00f6nhet och respekt f\u00f6r naturen.<\/p>\n<p>Best\u00e4ll nu och l\u00e5t denna bukett bli en evig manifestation av din omtanke och stil. Ge bort en tidl\u00f6s bit av naturens underverk och skapa minnen med denna unika kombination av torkade och h\u00e5llbara blommor.<\/p>\n<p>Enkel &#8211; H\u00f6jd 50-55 cm.<\/p>\n<p>Lyxig &#8211; H\u00f6jd 55-60 cm (Denna bukett \u00e4r som minimum 75% st\u00f6rre \u00e4n bukett Enkel.<\/p>\n<p>Storslagen &#8211; H\u00f6jd 60-65 cm (Denna bukett \u00e4r minimum 150% st\u00f6rre \u00e4n bukett Enkel.<\/p>\n","protected":false},"excerpt":{"rendered":"<p>F\u00f6rmedla varaktig sk\u00f6nhet och h\u00e5llbarhet med v\u00e5r unika bukett av torkade och h\u00e5llbara blommor, bevarad i upp till \u00e5tta m\u00e5nader genom en doppning i biologiskt nedbrytbar nektar. De dj\u00e4rva tonerna av r\u00f6tt, orange, brunt och gr\u00f6nt skapar en bukett som \u00e4r en livfull hyllning till naturens f\u00e4rgprakt. Inuti finner du en elegant kombination av echinops, [&hellip;]<\/p>\n","protected":false},"featured_media":683,"comment_status":"open","ping_status":"closed","template":"","meta":{"_acf_changed":false,"inline_featured_image":false},"product_brand":[],"product_cat":[45],"product_tag":[],"class_list":{"0":"post-1251","1":"product","2":"type-product","3":"status-publish","4":"has-post-thumbnail","6":"product_cat-dried-flowers","8":"first","9":"instock","10":"shipping-taxable","11":"purchasable","12":"product-type-simple"},"acf":[],"_links":{"self":[{"href":"https:\/\/encoder-staging.site\/tusenrose\/wp-json\/wp\/v2\/product\/1251","targetHints":{"allow":["GET"]}}],"collection":[{"href":"https:\/\/encoder-staging.site\/tusenrose\/wp-json\/wp\/v2\/product"}],"about":[{"href":"https:\/\/encoder-staging.site\/tusenrose\/wp-json\/wp\/v2\/types\/product"}],"replies":[{"embeddable":true,"href":"https:\/\/encoder-staging.site\/tusenrose\/wp-json\/wp\/v2\/comments?post=1251"}],"wp:featuredmedia":[{"embeddable":true,"href":"https:\/\/encoder-staging.site\/tusenrose\/wp-json\/wp\/v2\/media\/683"}],"wp:attachment":[{"href":"https:\/\/encoder-staging.site\/tusenrose\/wp-json\/wp\/v2\/media?parent=1251"}],"wp:term":[{"taxonomy":"product_brand","embeddable":true,"href":"https:\/\/encoder-staging.site\/tusenrose\/wp-json\/wp\/v2\/product_brand?post=1251"},{"taxonomy":"product_cat","embeddable":true,"href":"https:\/\/encoder-staging.site\/tusenrose\/wp-json\/wp\/v2\/product_cat?post=1251"},{"taxonomy":"product_tag","embeddable":true,"href":"https:\/\/encoder-staging.site\/tusenrose\/wp-json\/wp\/v2\/product_tag?post=1251"}],"curies":[{"name":"wp","href":"https:\/\/api.w.org\/{rel}","templated":true}]}}