{"id":1249,"date":"2025-11-17T06:03:04","date_gmt":"2025-11-17T12:03:04","guid":{"rendered":"https:\/\/encoder-staging.site\/tusenrose\/product\/pastell-evighetsrosor-classic-dome-box-2\/"},"modified":"2025-11-17T06:03:04","modified_gmt":"2025-11-17T12:03:04","slug":"pastell-evighetsrosor-classic-dome-box-2","status":"publish","type":"product","link":"https:\/\/encoder-staging.site\/tusenrose\/product\/pastell-evighetsrosor-classic-dome-box-2\/","title":{"rendered":"Pastell evighetsrosor | Classic dome box"},"content":{"rendered":"<div class=\"\">\n<div class=\"\">\n<div class=\"\">\n<p>Ta dina rosor till en helt ny niv\u00e5.<\/p>\n<p>Tusen rosor\u00ae Classic Dome-kollektionen har en imponerande kupol design av\u00a0pastellf\u00e4rgade\u00a0evighetsrosor i en handgjord svart ask.<\/p>\n<p>Det h\u00e4r kupol designade arrangemanget av naturligt bevarade, l\u00e5ngvariga rosor sitter h\u00f6gre \u00e4n v\u00e5r Classic kollektion, vilket ger en magnifik dimension och mjukhet till ditt k\u00f6k eller vardagsrum.<\/p>\n<p>Boxstorlek: 23 cm\u2300<\/p>\n<p>Antal rosor: 20-23<\/p>\n<\/div>\n<\/div>\n<\/div>\n<div class=\"\">\n<div class=\"\">\n<div class=\"\"><\/div>\n<\/div>\n<\/div>\n<style><!--\n.chip {\n  display: inline-block;\n  padding: 0 25px;\n  height: 50px;\n  font-size: 16px;\n  line-height: 50px;\n  border-radius: 25px;\n  background-color: #f1f1f1;\n}\n\n.chip img {\n  float: left;\n  margin: 0 10px 0 -25px;\n  height: 50px;\n  width: 50px;\n  border-radius: 50%;\n}\n--><\/style>\n","protected":false},"excerpt":{"rendered":"<p>Ta dina rosor till en helt ny niv\u00e5. Tusen rosor\u00ae Classic Dome-kollektionen har en imponerande kupol design av\u00a0pastellf\u00e4rgade\u00a0evighetsrosor i en handgjord svart ask. Det h\u00e4r kupol designade arrangemanget av naturligt bevarade, l\u00e5ngvariga rosor sitter h\u00f6gre \u00e4n v\u00e5r Classic kollektion, vilket ger en magnifik dimension och mjukhet till ditt k\u00f6k eller vardagsrum. Boxstorlek: 23 cm\u2300 Antal [&hellip;]<\/p>\n","protected":false},"featured_media":676,"comment_status":"open","ping_status":"closed","template":"","meta":{"_acf_changed":false,"inline_featured_image":false},"product_brand":[],"product_cat":[40],"product_tag":[],"class_list":{"0":"post-1249","1":"product","2":"type-product","3":"status-publish","4":"has-post-thumbnail","6":"product_cat-flowers","8":"first","9":"instock","10":"shipping-taxable","11":"purchasable","12":"product-type-simple"},"acf":[],"_links":{"self":[{"href":"https:\/\/encoder-staging.site\/tusenrose\/wp-json\/wp\/v2\/product\/1249","targetHints":{"allow":["GET"]}}],"collection":[{"href":"https:\/\/encoder-staging.site\/tusenrose\/wp-json\/wp\/v2\/product"}],"about":[{"href":"https:\/\/encoder-staging.site\/tusenrose\/wp-json\/wp\/v2\/types\/product"}],"replies":[{"embeddable":true,"href":"https:\/\/encoder-staging.site\/tusenrose\/wp-json\/wp\/v2\/comments?post=1249"}],"wp:featuredmedia":[{"embeddable":true,"href":"https:\/\/encoder-staging.site\/tusenrose\/wp-json\/wp\/v2\/media\/676"}],"wp:attachment":[{"href":"https:\/\/encoder-staging.site\/tusenrose\/wp-json\/wp\/v2\/media?parent=1249"}],"wp:term":[{"taxonomy":"product_brand","embeddable":true,"href":"https:\/\/encoder-staging.site\/tusenrose\/wp-json\/wp\/v2\/product_brand?post=1249"},{"taxonomy":"product_cat","embeddable":true,"href":"https:\/\/encoder-staging.site\/tusenrose\/wp-json\/wp\/v2\/product_cat?post=1249"},{"taxonomy":"product_tag","embeddable":true,"href":"https:\/\/encoder-staging.site\/tusenrose\/wp-json\/wp\/v2\/product_tag?post=1249"}],"curies":[{"name":"wp","href":"https:\/\/api.w.org\/{rel}","templated":true}]}}