{"id":1246,"date":"2025-11-17T06:03:04","date_gmt":"2025-11-17T12:03:04","guid":{"rendered":"https:\/\/encoder-staging.site\/tusenrose\/product\/noah-torkade-blommor-2\/"},"modified":"2025-11-17T06:03:04","modified_gmt":"2025-11-17T12:03:04","slug":"noah-torkade-blommor-2","status":"publish","type":"product","link":"https:\/\/encoder-staging.site\/tusenrose\/product\/noah-torkade-blommor-2\/","title":{"rendered":"Noah | Torkade blommor"},"content":{"rendered":"<p><strong>M\u00f6t:\u00a0Noah<\/strong><\/p>\n<p><meta charset=\"UTF-8\">Denna bukett passar perfekt f\u00f6r alla som uppskattar enkelhet, elegans och tidl\u00f6s sk\u00f6nhet. De vackra gula och vita nyanserna kombinerar p\u00e5 ett harmoniskt s\u00e4tt f\u00f6r att skapa en subtil men \u00e4nd\u00e5 i\u00f6gonfallande kontrast som kommer att lyfta upp ditt hem eller kontor.<\/p>\n<p><strong>Vad finns i boxen<\/strong><\/p>\n<p>Inneh\u00e5ller ett unikt urval av torkade blommor &amp; h\u00e5llbara blommor. V\u00e5ra florister kurerar de vackraste torkade\u00a0blombuketterna\u00a0baserat p\u00e5 tillg\u00e4nglighet, s\u00e5 observera att vissa blommor ibland kan variera fr\u00e5n det som visas p\u00e5 bilden.<\/p>\n<p><\/p>\n<ul><\/ul>\n<p style=\"text-align: left;\" data-mce-style=\"text-align: left;\"><img loading=\"lazy\" decoding=\"async\" height=\"64\" width=\"64\" style=\"float: left;\" src=\"https:\/\/cdn.shopify.com\/s\/files\/1\/0276\/6975\/7987\/files\/description-flowers-3-stems.svg?v=1665493567\" data-mce-style=\"float: left;\">V\u00e5ra florister kurerar torkade blommorna baserat p\u00e5 tillg\u00e4nglighet, s\u00e5 observera att vissa blommor ibland kan variera.<\/p>\n<p style=\"text-align: left;\" data-mce-style=\"text-align: left;\">\u00a0<\/p>\n<p style=\"text-align: left;\" data-mce-style=\"text-align: left;\"><img loading=\"lazy\" decoding=\"async\" style=\"float: left;\" height=\"64\" width=\"64\" src=\"https:\/\/cdn.shopify.com\/s\/files\/1\/0276\/6975\/7987\/files\/description-hand-tied.svg?v=1665493770\" data-mce-style=\"float: left;\">Handarrangeras av oss och levereras till d\u00f6rren i 100% \u00e5tervinningsbar och komposterbar f\u00f6rpackning.<\/p>\n<p style=\"text-align: left;\" data-mce-style=\"text-align: left;\">\u00a0<\/p>\n<div data-mce-style=\"text-align: left;\">\n<img loading=\"lazy\" decoding=\"async\" height=\"64\" width=\"64\" src=\"https:\/\/cdn.shopify.com\/s\/files\/1\/0276\/6975\/7987\/files\/description-delivery-van.svg?v=1665495105\" style=\"float: left;\" data-mce-style=\"float: left;\">Paketet skickas med Postnord f\u00f6r leverans p\u00e5 din nominerade dag. V\u00e4lj mellan leverans till d\u00f6rren eller ombud.\n<\/div>\n<div data-mce-style=\"text-align: left;\"><\/div>\n<div style=\"text-align: left;\" data-mce-style=\"text-align: left;\"><\/div>\n<div data-mce-style=\"text-align: left;\"><\/div>\n<div style=\"text-align: left;\" data-mce-style=\"text-align: left;\">\n<img loading=\"lazy\" decoding=\"async\" src=\"https:\/\/cdn.shopify.com\/s\/files\/1\/0276\/6975\/7987\/files\/description-polaroid.svg?v=1665495108\" width=\"64\" height=\"64\" style=\"float: left;\" data-mce-src=\"https:\/\/cdn.shopify.com\/s\/files\/1\/0276\/6975\/7987\/files\/description-polaroid.svg?v=1665495108\" data-mce-style=\"float: left;\">V\u00e4lj ditt egna personliga meddelande i varukorgen kostnadsfritt.\n<\/div>\n<div style=\"text-align: left;\" data-mce-style=\"text-align: left;\"><\/div>\n<div style=\"text-align: left;\" data-mce-style=\"text-align: left;\"><\/div>\n<div style=\"text-align: left;\" data-mce-style=\"text-align: left;\"><\/div>\n<div style=\"text-align: left;\" data-mce-style=\"text-align: left;\">\n<div style=\"text-align: left;\" data-mce-style=\"text-align: left;\"><img decoding=\"async\" src=\"https:\/\/cdn.shopify.com\/s\/files\/1\/0276\/6975\/7987\/files\/Namnlos_400_x_150_px_400_x_120_px_250_x_120_px_400_x_150_px_1.svg?v=1665695743\"><\/div>\n<div style=\"text-align: left;\" data-mce-style=\"text-align: left;\">Vi lovar att g\u00f6ra det till en fr\u00f6jd att skicka och ta emot v\u00e5ra g\u00e5vor. S\u00e5 om n\u00e5got inte \u00e4r 100 % perfekt, kommer v\u00e5rt team p\u00e5 kundtj\u00e4nst alltid att g\u00f6ra det lilla extra f\u00f6r att g\u00f6ra det r\u00e4tt.<\/div>\n<\/div>\n","protected":false},"excerpt":{"rendered":"<p>M\u00f6t:\u00a0Noah Denna bukett passar perfekt f\u00f6r alla som uppskattar enkelhet, elegans och tidl\u00f6s sk\u00f6nhet. De vackra gula och vita nyanserna kombinerar p\u00e5 ett harmoniskt s\u00e4tt f\u00f6r att skapa en subtil men \u00e4nd\u00e5 i\u00f6gonfallande kontrast som kommer att lyfta upp ditt hem eller kontor. Vad finns i boxen Inneh\u00e5ller ett unikt urval av torkade blommor &amp; [&hellip;]<\/p>\n","protected":false},"featured_media":667,"comment_status":"open","ping_status":"closed","template":"","meta":{"_acf_changed":false,"inline_featured_image":false},"product_brand":[],"product_cat":[18],"product_tag":[],"class_list":{"0":"post-1246","1":"product","2":"type-product","3":"status-publish","4":"has-post-thumbnail","6":"product_cat-uncategorized","8":"first","9":"instock","10":"shipping-taxable","11":"purchasable","12":"product-type-simple"},"acf":[],"_links":{"self":[{"href":"https:\/\/encoder-staging.site\/tusenrose\/wp-json\/wp\/v2\/product\/1246","targetHints":{"allow":["GET"]}}],"collection":[{"href":"https:\/\/encoder-staging.site\/tusenrose\/wp-json\/wp\/v2\/product"}],"about":[{"href":"https:\/\/encoder-staging.site\/tusenrose\/wp-json\/wp\/v2\/types\/product"}],"replies":[{"embeddable":true,"href":"https:\/\/encoder-staging.site\/tusenrose\/wp-json\/wp\/v2\/comments?post=1246"}],"wp:featuredmedia":[{"embeddable":true,"href":"https:\/\/encoder-staging.site\/tusenrose\/wp-json\/wp\/v2\/media\/667"}],"wp:attachment":[{"href":"https:\/\/encoder-staging.site\/tusenrose\/wp-json\/wp\/v2\/media?parent=1246"}],"wp:term":[{"taxonomy":"product_brand","embeddable":true,"href":"https:\/\/encoder-staging.site\/tusenrose\/wp-json\/wp\/v2\/product_brand?post=1246"},{"taxonomy":"product_cat","embeddable":true,"href":"https:\/\/encoder-staging.site\/tusenrose\/wp-json\/wp\/v2\/product_cat?post=1246"},{"taxonomy":"product_tag","embeddable":true,"href":"https:\/\/encoder-staging.site\/tusenrose\/wp-json\/wp\/v2\/product_tag?post=1246"}],"curies":[{"name":"wp","href":"https:\/\/api.w.org\/{rel}","templated":true}]}}