{"id":1244,"date":"2025-11-17T06:03:03","date_gmt":"2025-11-17T12:03:03","guid":{"rendered":"https:\/\/encoder-staging.site\/tusenrose\/product\/chokladstrut-karamell-kardemumma-2\/"},"modified":"2026-03-05T04:53:06","modified_gmt":"2026-03-05T10:53:06","slug":"chokladstrut-karamell-kardemumma-2","status":"publish","type":"product","link":"https:\/\/encoder-staging.site\/tusenrose\/product\/chokladstrut-karamell-kardemumma-2\/","title":{"rendered":"Chokladstrut Karamell &#038; Kardemumma"},"content":{"rendered":"<h3 class=\"font_3\">DARK MILK<\/h3>\n<h5 class=\"font_5\">50 % KAKAO &#8211; 90G<\/h5>\n<p>EKOLOGISK\u00a0 | \u00a0FAIRTRADE<\/p>\n<p>Saltkaramell har l\u00e4nge varit en efterfr\u00e5gad smak sedan \u00e5r tillbaka s\u00e5 vi best\u00e4mde oss f\u00f6r att g\u00f6ra ett f\u00f6rs\u00f6k. F\u00f6r att v\u00e4ssa den ytterligare har vi valt att str\u00f6ssla den med kardemumma och nu \u00e4r den n\u00e4stan om\u00f6jligt att l\u00e4gga ifr\u00e5n sig o\u00e4ten. Dark milk, ekologisk som alltid och utan n\u00f6tter, gluten och soja. Hoppas ni gillar den lika mycket som vi g\u00f6r!<\/p>\n<div id=\"comp-ksq2clfq\" class=\"_1Q9if _3bcaz\" data-testid=\"richTextElement\">\n<h5 class=\"font_5\"><\/h5>\n<\/div>\n<div id=\"comp-ksq2clfs\" class=\"_1Q9if _3bcaz\" data-testid=\"richTextElement\">\n<table width=\"372\">\n<tbody>\n<tr>\n<td style=\"width: 535px;\">\n<div id=\"comp-ksq2clfq\" class=\"_1Q9if _3bcaz\" data-testid=\"richTextElement\">\n<h3 class=\"font_5\">INNEH\u00c5LLSF\u00d6RTECKNING<\/h3>\n<\/div>\n<div id=\"comp-ksq2clfs\" class=\"_1Q9if _3bcaz\" data-testid=\"richTextElement\"><\/div>\n<\/td>\n<\/tr>\n<tr>\n<td style=\"width: 535px;\">\n<ul>\n<li>R\u00f6rsocker\/sukker<\/li>\n<li>Kakaomassa<\/li>\n<li>Kakaosm\u00f6r<\/li>\n<li>Helmj\u00f6lkspulver<\/li>\n<li>Sheasm\u00f6r<\/li>\n<li>Kardemumma<\/li>\n<li>Salt<\/li>\n<li>Naturlig arom<\/li>\n<li>Vanilj<\/li>\n<\/ul>\n<\/td>\n<\/tr>\n<tr>\n<td style=\"width: 535px;\">N\u00e4ringsv\u00e4rde per 100g<\/td>\n<\/tr>\n<tr>\n<td style=\"width: 535px;\">Energi 2442kJ, 586 kcal<\/td>\n<\/tr>\n<tr>\n<td style=\"width: 535px;\">Fett 44g<\/td>\n<\/tr>\n<tr>\n<td style=\"width: 535px;\">&#8211; varav m\u00e4ttat 27g<\/td>\n<\/tr>\n<tr>\n<td style=\"width: 535px;\">Kolhydrater 39g<\/td>\n<\/tr>\n<tr>\n<td style=\"width: 535px;\">&#8211; varav sockerarter 32g<\/td>\n<\/tr>\n<tr>\n<td style=\"width: 535px;\">Protein 6,4g<\/td>\n<\/tr>\n<tr>\n<td style=\"width: 535px;\">Salt 0.5g<\/td>\n<\/tr>\n<\/tbody>\n<\/table>\n<p class=\"font_7\">\n<\/div>\n","protected":false},"excerpt":{"rendered":"<p>DARK MILK 50 % KAKAO &#8211; 90G EKOLOGISK\u00a0 | \u00a0FAIRTRADE Saltkaramell har l\u00e4nge varit en efterfr\u00e5gad smak sedan \u00e5r tillbaka s\u00e5 vi best\u00e4mde oss f\u00f6r att g\u00f6ra ett f\u00f6rs\u00f6k. F\u00f6r att v\u00e4ssa den ytterligare har vi valt att str\u00f6ssla den med kardemumma och nu \u00e4r den n\u00e4stan om\u00f6jligt att l\u00e4gga ifr\u00e5n sig o\u00e4ten. Dark milk, [&hellip;]<\/p>\n","protected":false},"featured_media":662,"comment_status":"open","ping_status":"closed","template":"","meta":{"_acf_changed":false,"inline_featured_image":false},"product_brand":[],"product_cat":[50],"product_tag":[],"class_list":{"0":"post-1244","1":"product","2":"type-product","3":"status-publish","4":"has-post-thumbnail","6":"product_cat-candy-chocolate","8":"first","9":"instock","10":"shipping-taxable","11":"purchasable","12":"product-type-simple"},"acf":[],"_links":{"self":[{"href":"https:\/\/encoder-staging.site\/tusenrose\/wp-json\/wp\/v2\/product\/1244","targetHints":{"allow":["GET"]}}],"collection":[{"href":"https:\/\/encoder-staging.site\/tusenrose\/wp-json\/wp\/v2\/product"}],"about":[{"href":"https:\/\/encoder-staging.site\/tusenrose\/wp-json\/wp\/v2\/types\/product"}],"replies":[{"embeddable":true,"href":"https:\/\/encoder-staging.site\/tusenrose\/wp-json\/wp\/v2\/comments?post=1244"}],"wp:featuredmedia":[{"embeddable":true,"href":"https:\/\/encoder-staging.site\/tusenrose\/wp-json\/wp\/v2\/media\/662"}],"wp:attachment":[{"href":"https:\/\/encoder-staging.site\/tusenrose\/wp-json\/wp\/v2\/media?parent=1244"}],"wp:term":[{"taxonomy":"product_brand","embeddable":true,"href":"https:\/\/encoder-staging.site\/tusenrose\/wp-json\/wp\/v2\/product_brand?post=1244"},{"taxonomy":"product_cat","embeddable":true,"href":"https:\/\/encoder-staging.site\/tusenrose\/wp-json\/wp\/v2\/product_cat?post=1244"},{"taxonomy":"product_tag","embeddable":true,"href":"https:\/\/encoder-staging.site\/tusenrose\/wp-json\/wp\/v2\/product_tag?post=1244"}],"curies":[{"name":"wp","href":"https:\/\/api.w.org\/{rel}","templated":true}]}}