{"id":1235,"date":"2025-11-17T06:03:02","date_gmt":"2025-11-17T12:03:02","guid":{"rendered":"https:\/\/encoder-staging.site\/tusenrose\/product\/hallon-blabar-chokladask-hjarta-2\/"},"modified":"2025-11-17T06:03:02","modified_gmt":"2025-11-17T12:03:02","slug":"hallon-blabar-chokladask-hjarta-2","status":"publish","type":"product","link":"https:\/\/encoder-staging.site\/tusenrose\/product\/hallon-blabar-chokladask-hjarta-2\/","title":{"rendered":"Hallon &#038; bl\u00e5b\u00e4r chokladask hj\u00e4rta"},"content":{"rendered":"<h3 class=\"font_3\"><span>DARK MILK 18 bitar &#8211; 115g<\/span><\/h3>\n<p><span>EKOLOGISK\u00a0<\/span><\/p>\n<div data-testid=\"richTextElement\" class=\"_1Q9if _3bcaz\" id=\"comp-kq98dtv83\">\n<p class=\"font_7\"><span>Oavsett om det \u00e4r Alla Hj\u00e4rtans Dag, Mors- eller Fars dag, en f\u00f6rlovningsdag, ett br\u00f6llop eller om du gjort bort dig p\u00e5 hemmaplan s\u00e5 tror och hoppas vi att mottagaren kommer att gl\u00e4dja sig mycket \u00e5t en smakfull present.<\/span><\/p>\n<\/div>\n<div data-testid=\"richTextElement\" class=\"_1Q9if _3bcaz\" id=\"comp-kq98dtva\">\n<p class=\"font_8\"><span>I v\u00e5r chokladask med det passande namnet K\u00e4rlek ryms 18 bitar av ljuvlig dark milk-choklad smaksatt med ekologiska hallon och bl\u00e5b\u00e4r. Asken i sig \u00e4r dessutom den ett vackert ting och v\u00e5r f\u00f6rhoppning \u00e4r att denna hj\u00e4rtchoklad ska skapa och st\u00e4rka m\u00e5nga n\u00e4ra relationer. Chokladen \u00e4r ekologisk och fri fr\u00e5n n\u00f6tter, gluten och soja som sig b\u00f6r.<\/span><\/p>\n<\/div>\n<div id=\"comp-ksq2clfq\" class=\"_1Q9if _3bcaz\" data-testid=\"richTextElement\">\n<h5 class=\"font_5\"><\/h5>\n<\/div>\n<div id=\"comp-ksq2clfs\" class=\"_1Q9if _3bcaz\" data-testid=\"richTextElement\">\n<table width=\"372\" height=\"111\">\n<tbody>\n<tr>\n<td style=\"width: 535px;\" data-mce-style=\"width: 535px;\">\n<div data-testid=\"richTextElement\" class=\"_1Q9if _3bcaz\" id=\"comp-ksq2clfq\">\n<h3 class=\"font_5\">INNEH\u00c5LLSF\u00d6RTECKNING<\/h3>\n<\/div>\n<div data-testid=\"richTextElement\" class=\"_1Q9if _3bcaz\" id=\"comp-ksq2clfs\"><\/div>\n<\/td>\n<\/tr>\n<tr>\n<td style=\"width: 535px;\" data-mce-style=\"width: 535px;\"><\/td>\n<\/tr>\n<tr>\n<td style=\"width: 535px;\" data-mce-style=\"width: 535px;\">\n<p>N\u00e4ringsv\u00e4rde per 100g<\/p>\n<\/td>\n<\/tr>\n<tr>\n<td style=\"width: 535px;\" data-mce-style=\"width: 535px;\">\n<p>Energi 2442kJ, 584 kcal<\/p>\n<\/td>\n<\/tr>\n<tr>\n<td style=\"width: 535px;\" data-mce-style=\"width: 535px;\">\n<p>Fett 44g<\/p>\n<\/td>\n<\/tr>\n<tr>\n<td style=\"width: 535px;\" data-mce-style=\"width: 535px;\">\n<p>&#8211; varav m\u00e4ttat 27g<\/p>\n<\/td>\n<\/tr>\n<tr>\n<td style=\"width: 535px;\" data-mce-style=\"width: 535px;\">\n<p>Kolhydrater 39g<\/p>\n<\/td>\n<\/tr>\n<tr>\n<td style=\"width: 535px;\" data-mce-style=\"width: 535px;\">\n<p>&#8211; varav sockerarter 37g<\/p>\n<\/td>\n<\/tr>\n<tr>\n<td style=\"width: 535px;\" data-mce-style=\"width: 535px;\">\n<p>Protein 6,4g<\/p>\n<\/td>\n<\/tr>\n<tr>\n<td style=\"width: 535px;\" data-mce-style=\"width: 535px;\">\n<p>Salt 0.3g<\/p>\n<\/td>\n<\/tr>\n<\/tbody>\n<\/table>\n<p class=\"font_7\">\u00a0<\/p>\n<p class=\"font_7\">\u00a0<\/p>\n<p class=\"font_7\">\u00a0<\/p>\n<p class=\"font_7\">\u00a0<\/p>\n<\/div>\n","protected":false},"excerpt":{"rendered":"<p>DARK MILK 18 bitar &#8211; 115g EKOLOGISK\u00a0 Oavsett om det \u00e4r Alla Hj\u00e4rtans Dag, Mors- eller Fars dag, en f\u00f6rlovningsdag, ett br\u00f6llop eller om du gjort bort dig p\u00e5 hemmaplan s\u00e5 tror och hoppas vi att mottagaren kommer att gl\u00e4dja sig mycket \u00e5t en smakfull present. I v\u00e5r chokladask med det passande namnet K\u00e4rlek ryms [&hellip;]<\/p>\n","protected":false},"featured_media":635,"comment_status":"open","ping_status":"closed","template":"","meta":{"_acf_changed":false,"inline_featured_image":false},"product_brand":[],"product_cat":[18],"product_tag":[],"class_list":{"0":"post-1235","1":"product","2":"type-product","3":"status-publish","4":"has-post-thumbnail","6":"product_cat-uncategorized","8":"first","9":"instock","10":"shipping-taxable","11":"purchasable","12":"product-type-simple"},"acf":[],"_links":{"self":[{"href":"https:\/\/encoder-staging.site\/tusenrose\/wp-json\/wp\/v2\/product\/1235","targetHints":{"allow":["GET"]}}],"collection":[{"href":"https:\/\/encoder-staging.site\/tusenrose\/wp-json\/wp\/v2\/product"}],"about":[{"href":"https:\/\/encoder-staging.site\/tusenrose\/wp-json\/wp\/v2\/types\/product"}],"replies":[{"embeddable":true,"href":"https:\/\/encoder-staging.site\/tusenrose\/wp-json\/wp\/v2\/comments?post=1235"}],"wp:featuredmedia":[{"embeddable":true,"href":"https:\/\/encoder-staging.site\/tusenrose\/wp-json\/wp\/v2\/media\/635"}],"wp:attachment":[{"href":"https:\/\/encoder-staging.site\/tusenrose\/wp-json\/wp\/v2\/media?parent=1235"}],"wp:term":[{"taxonomy":"product_brand","embeddable":true,"href":"https:\/\/encoder-staging.site\/tusenrose\/wp-json\/wp\/v2\/product_brand?post=1235"},{"taxonomy":"product_cat","embeddable":true,"href":"https:\/\/encoder-staging.site\/tusenrose\/wp-json\/wp\/v2\/product_cat?post=1235"},{"taxonomy":"product_tag","embeddable":true,"href":"https:\/\/encoder-staging.site\/tusenrose\/wp-json\/wp\/v2\/product_tag?post=1235"}],"curies":[{"name":"wp","href":"https:\/\/api.w.org\/{rel}","templated":true}]}}