{"id":1232,"date":"2025-11-17T06:03:01","date_gmt":"2025-11-17T12:03:01","guid":{"rendered":"https:\/\/encoder-staging.site\/tusenrose\/product\/imperiets-eld-2\/"},"modified":"2025-11-17T06:03:01","modified_gmt":"2025-11-17T12:03:01","slug":"imperiets-eld-2","status":"publish","type":"product","link":"https:\/\/encoder-staging.site\/tusenrose\/product\/imperiets-eld-2\/","title":{"rendered":"Imperiets Eld"},"content":{"rendered":"<p>Upplev en od\u00f6dlig blomsterprakt med v\u00e5r unika bukett, skapad med en perfekt harmoni av torkade och h\u00e5llbara blommor, som bevaras i upp till \u00e5tta m\u00e5nader genom en dr\u00e4nkning i biologiskt nedbrytbar nektar.<\/p>\n<p>De varma tonerna av r\u00f6tt, orange och gr\u00f6nt skapar en f\u00f6rtrollande bukett d\u00e4r varje blomma \u00e4r ett konstverk i sig sj\u00e4lv. Inuti denna vackra ensemble finner du en exklusiv kombination av lagurus, brudsl\u00f6ja, babala, eucalyptus cinerea, palm spear, echinops och eucalyptus parvifoglia &#8211; varje blomma noga utvald f\u00f6r att ge en unik och h\u00e5llbar sk\u00f6nhet.<\/p>\n<p>Denna bukett \u00e4r mer \u00e4n bara en g\u00e5va, den \u00e4r en hyllning till naturens prakt och en sann gest av h\u00e5llbarhet. Varje blomma, varsamt dr\u00e4nkt i biologiskt nedbrytbar nektar, blir en tidl\u00f6s symbol f\u00f6r ansvarsfull sk\u00f6nhet.<\/p>\n<p>Best\u00e4ll nu och l\u00e5t denna bukett bli en varaktig manifestation av din k\u00e4rlek och omtanke. Ge bort en bit av naturens underverk, skapa minnen och l\u00e5t sk\u00f6nheten forts\u00e4tta blomstra med denna extraordin\u00e4ra kombination av torkade och h\u00e5llbara blommor.<\/p>\n<p>Enkel &#8211; H\u00f6jd 50-55 cm.<\/p>\n<p>Lyxig &#8211; H\u00f6jd 55-60 cm (Denna bukett \u00e4r som minimum 75% st\u00f6rre \u00e4n bukett Enkel.<\/p>\n<p>Storslagen &#8211; H\u00f6jd 60-65 cm (Denna bukett \u00e4r minimum 150% st\u00f6rre \u00e4n bukett Enkel.<\/p>\n","protected":false},"excerpt":{"rendered":"<p>Upplev en od\u00f6dlig blomsterprakt med v\u00e5r unika bukett, skapad med en perfekt harmoni av torkade och h\u00e5llbara blommor, som bevaras i upp till \u00e5tta m\u00e5nader genom en dr\u00e4nkning i biologiskt nedbrytbar nektar. De varma tonerna av r\u00f6tt, orange och gr\u00f6nt skapar en f\u00f6rtrollande bukett d\u00e4r varje blomma \u00e4r ett konstverk i sig sj\u00e4lv. Inuti denna [&hellip;]<\/p>\n","protected":false},"featured_media":620,"comment_status":"open","ping_status":"closed","template":"","meta":{"_acf_changed":false,"inline_featured_image":false},"product_brand":[],"product_cat":[45],"product_tag":[],"class_list":{"0":"post-1232","1":"product","2":"type-product","3":"status-publish","4":"has-post-thumbnail","6":"product_cat-dried-flowers","8":"first","9":"instock","10":"shipping-taxable","11":"purchasable","12":"product-type-simple"},"acf":[],"_links":{"self":[{"href":"https:\/\/encoder-staging.site\/tusenrose\/wp-json\/wp\/v2\/product\/1232","targetHints":{"allow":["GET"]}}],"collection":[{"href":"https:\/\/encoder-staging.site\/tusenrose\/wp-json\/wp\/v2\/product"}],"about":[{"href":"https:\/\/encoder-staging.site\/tusenrose\/wp-json\/wp\/v2\/types\/product"}],"replies":[{"embeddable":true,"href":"https:\/\/encoder-staging.site\/tusenrose\/wp-json\/wp\/v2\/comments?post=1232"}],"wp:featuredmedia":[{"embeddable":true,"href":"https:\/\/encoder-staging.site\/tusenrose\/wp-json\/wp\/v2\/media\/620"}],"wp:attachment":[{"href":"https:\/\/encoder-staging.site\/tusenrose\/wp-json\/wp\/v2\/media?parent=1232"}],"wp:term":[{"taxonomy":"product_brand","embeddable":true,"href":"https:\/\/encoder-staging.site\/tusenrose\/wp-json\/wp\/v2\/product_brand?post=1232"},{"taxonomy":"product_cat","embeddable":true,"href":"https:\/\/encoder-staging.site\/tusenrose\/wp-json\/wp\/v2\/product_cat?post=1232"},{"taxonomy":"product_tag","embeddable":true,"href":"https:\/\/encoder-staging.site\/tusenrose\/wp-json\/wp\/v2\/product_tag?post=1232"}],"curies":[{"name":"wp","href":"https:\/\/api.w.org\/{rel}","templated":true}]}}