{"id":1230,"date":"2025-11-17T06:03:01","date_gmt":"2025-11-17T12:03:01","guid":{"rendered":"https:\/\/encoder-staging.site\/tusenrose\/product\/fargkarneval-2\/"},"modified":"2025-11-17T06:03:01","modified_gmt":"2025-11-17T12:03:01","slug":"fargkarneval-2","status":"publish","type":"product","link":"https:\/\/encoder-staging.site\/tusenrose\/product\/fargkarneval-2\/","title":{"rendered":"F\u00e4rgkarneval"},"content":{"rendered":"<p><meta charset=\"utf-8\"><\/p>\n<p>Uppt\u00e4ck tidl\u00f6s sk\u00f6nhet och ansvar med v\u00e5r exklusiva bukett som f\u00f6renar torkade och h\u00e5llbara blommor, bevarade i upp till \u00e5tta m\u00e5nader genom en doppning i biologiskt nedbrytbar nektar.<\/p>\n<p>I denna f\u00e4rgrika ensemble av r\u00f6da, vita, lila och gr\u00f6na toner finner du en harmonisk balans av b\u00e5de h\u00e5llbara och torkade blommor \u2013 phalaris, brudsl\u00f6ja, eucalyptus cinerea, lavendel, achillea sylvestre och limonium statice.<\/p>\n<p>Denna bukett \u00e4r mer \u00e4n bara blommor; den \u00e4r en gest av h\u00e5llbarhet och sk\u00f6nhet. Varenda blomma, varsamt konserverad, utstr\u00e5lar elegans och omtanke. Genom att vara dr\u00e4nkta i biologiskt nedbrytbar nektar blir dessa blommor inte bara vackra utan ocks\u00e5 en milj\u00f6v\u00e4nlig f\u00f6rtjusning.<\/p>\n<p>Best\u00e4ll nu och l\u00e5t denna bukett bli en varaktig symbol f\u00f6r din omtanke och h\u00e4nsyn till v\u00e5r planet. Ge bort sk\u00f6nhet med gott samvete, och skapa minnen som varar med denna enast\u00e5ende kombination av torkade och h\u00e5llbara blommor.<\/p>\n<p>Enkel &#8211; H\u00f6jd 50-55 cm.<\/p>\n<p>Lyxig &#8211; H\u00f6jd 55-60 cm (Denna bukett \u00e4r som minimum 75% st\u00f6rre \u00e4n bukett Enkel.<\/p>\n<p>Storslagen &#8211; H\u00f6jd 60-65 cm (Denna bukett \u00e4r minimum 150% st\u00f6rre \u00e4n bukett Enkel.<\/p>\n","protected":false},"excerpt":{"rendered":"<p>Uppt\u00e4ck tidl\u00f6s sk\u00f6nhet och ansvar med v\u00e5r exklusiva bukett som f\u00f6renar torkade och h\u00e5llbara blommor, bevarade i upp till \u00e5tta m\u00e5nader genom en doppning i biologiskt nedbrytbar nektar. I denna f\u00e4rgrika ensemble av r\u00f6da, vita, lila och gr\u00f6na toner finner du en harmonisk balans av b\u00e5de h\u00e5llbara och torkade blommor \u2013 phalaris, brudsl\u00f6ja, eucalyptus cinerea, [&hellip;]<\/p>\n","protected":false},"featured_media":612,"comment_status":"open","ping_status":"closed","template":"","meta":{"_acf_changed":false,"inline_featured_image":false},"product_brand":[],"product_cat":[45],"product_tag":[],"class_list":{"0":"post-1230","1":"product","2":"type-product","3":"status-publish","4":"has-post-thumbnail","6":"product_cat-dried-flowers","8":"first","9":"instock","10":"shipping-taxable","11":"purchasable","12":"product-type-simple"},"acf":[],"_links":{"self":[{"href":"https:\/\/encoder-staging.site\/tusenrose\/wp-json\/wp\/v2\/product\/1230","targetHints":{"allow":["GET"]}}],"collection":[{"href":"https:\/\/encoder-staging.site\/tusenrose\/wp-json\/wp\/v2\/product"}],"about":[{"href":"https:\/\/encoder-staging.site\/tusenrose\/wp-json\/wp\/v2\/types\/product"}],"replies":[{"embeddable":true,"href":"https:\/\/encoder-staging.site\/tusenrose\/wp-json\/wp\/v2\/comments?post=1230"}],"wp:featuredmedia":[{"embeddable":true,"href":"https:\/\/encoder-staging.site\/tusenrose\/wp-json\/wp\/v2\/media\/612"}],"wp:attachment":[{"href":"https:\/\/encoder-staging.site\/tusenrose\/wp-json\/wp\/v2\/media?parent=1230"}],"wp:term":[{"taxonomy":"product_brand","embeddable":true,"href":"https:\/\/encoder-staging.site\/tusenrose\/wp-json\/wp\/v2\/product_brand?post=1230"},{"taxonomy":"product_cat","embeddable":true,"href":"https:\/\/encoder-staging.site\/tusenrose\/wp-json\/wp\/v2\/product_cat?post=1230"},{"taxonomy":"product_tag","embeddable":true,"href":"https:\/\/encoder-staging.site\/tusenrose\/wp-json\/wp\/v2\/product_tag?post=1230"}],"curies":[{"name":"wp","href":"https:\/\/api.w.org\/{rel}","templated":true}]}}