{"id":1229,"date":"2025-11-17T06:03:01","date_gmt":"2025-11-17T12:03:01","guid":{"rendered":"https:\/\/encoder-staging.site\/tusenrose\/product\/evighetsros-diamant-ask-2\/"},"modified":"2025-11-17T06:03:01","modified_gmt":"2025-11-17T12:03:01","slug":"evighetsros-diamant-ask-2","status":"publish","type":"product","link":"https:\/\/encoder-staging.site\/tusenrose\/product\/evighetsros-diamant-ask-2\/","title":{"rendered":"Evighetsros Diamant Ask"},"content":{"rendered":"<p data-mce-fragment=\"1\"><span>Uppt\u00e4ck sk\u00f6nheten och tidl\u00f6sheten hos v\u00e5r Evighetsros, en enast\u00e5ende symbol f\u00f6r k\u00e4rlek och elegans, som \u00e4r vackert presenterad i en exklusiv akrylask formad som en str\u00e5lande diamant.<\/span><\/p>\n","protected":false},"excerpt":{"rendered":"<p>Uppt\u00e4ck sk\u00f6nheten och tidl\u00f6sheten hos v\u00e5r Evighetsros, en enast\u00e5ende symbol f\u00f6r k\u00e4rlek och elegans, som \u00e4r vackert presenterad i en exklusiv akrylask formad som en str\u00e5lande diamant.<\/p>\n","protected":false},"featured_media":608,"comment_status":"open","ping_status":"closed","template":"","meta":{"_acf_changed":false,"inline_featured_image":false},"product_brand":[],"product_cat":[40],"product_tag":[],"class_list":{"0":"post-1229","1":"product","2":"type-product","3":"status-publish","4":"has-post-thumbnail","6":"product_cat-flowers","8":"first","9":"instock","10":"shipping-taxable","11":"purchasable","12":"product-type-simple"},"acf":[],"_links":{"self":[{"href":"https:\/\/encoder-staging.site\/tusenrose\/wp-json\/wp\/v2\/product\/1229","targetHints":{"allow":["GET"]}}],"collection":[{"href":"https:\/\/encoder-staging.site\/tusenrose\/wp-json\/wp\/v2\/product"}],"about":[{"href":"https:\/\/encoder-staging.site\/tusenrose\/wp-json\/wp\/v2\/types\/product"}],"replies":[{"embeddable":true,"href":"https:\/\/encoder-staging.site\/tusenrose\/wp-json\/wp\/v2\/comments?post=1229"}],"wp:featuredmedia":[{"embeddable":true,"href":"https:\/\/encoder-staging.site\/tusenrose\/wp-json\/wp\/v2\/media\/608"}],"wp:attachment":[{"href":"https:\/\/encoder-staging.site\/tusenrose\/wp-json\/wp\/v2\/media?parent=1229"}],"wp:term":[{"taxonomy":"product_brand","embeddable":true,"href":"https:\/\/encoder-staging.site\/tusenrose\/wp-json\/wp\/v2\/product_brand?post=1229"},{"taxonomy":"product_cat","embeddable":true,"href":"https:\/\/encoder-staging.site\/tusenrose\/wp-json\/wp\/v2\/product_cat?post=1229"},{"taxonomy":"product_tag","embeddable":true,"href":"https:\/\/encoder-staging.site\/tusenrose\/wp-json\/wp\/v2\/product_tag?post=1229"}],"curies":[{"name":"wp","href":"https:\/\/api.w.org\/{rel}","templated":true}]}}