{"id":1224,"date":"2025-11-17T06:03:00","date_gmt":"2025-11-17T12:03:00","guid":{"rendered":"https:\/\/encoder-staging.site\/tusenrose\/product\/lila-evighetsrosor-classic-box-2\/"},"modified":"2025-11-17T06:03:00","modified_gmt":"2025-11-17T12:03:00","slug":"lila-evighetsrosor-classic-box-2","status":"publish","type":"product","link":"https:\/\/encoder-staging.site\/tusenrose\/product\/lila-evighetsrosor-classic-box-2\/","title":{"rendered":"Lila evighetsrosor | Classic box"},"content":{"rendered":"<div class=\"\">\n<div class=\"\">\n<div class=\"\">\n<div class=\"\">Alla \u00e4lskar ett original. Tusen rosor Classic-kollektion var\u00a0v\u00e5r allra f\u00f6rsta kollektion, designad av <span style=\"text-decoration: underline;\"><em>Lotte feruchi<\/em><\/span>\u00a0som har satt kvalitetsstandarden f\u00f6r evighetsrosor sedan dess.\n<\/div>\n<div class=\"\"><\/div>\n<div class=\"\">\n<div class=\"\">\n<div class=\"\">\n<div class=\"\">\n<p>V\u00e5r Classic-kollektion f\u00f6renar elegansen och lyxen i en rund ask fylld med\u00a0lila evighetsrosor.<\/p>\n<p>Med Classic-kollektionen l\u00e4gger du till tidl\u00f6s lyx till ditt hem.<\/p>\n<p>Rosbox storlek: 21 cm\u00a0<span data-mce-fragment=\"1\">\u00d8<\/span><\/p>\n<p>Antal evighetsrosor: 17-20<\/p>\n<p style=\"text-align: center;\">\u00a0<\/p>\n<\/div>\n<div class=\"\"><\/div>\n<div class=\"\"><\/div>\n<div class=\"\"><\/div>\n<div class=\"\"><\/div>\n<div class=\"\">\n<h3><\/h3>\n<\/div>\n<\/div>\n<\/div>\n<div class=\"\">\n<div class=\"\">\n<div class=\"\"><\/div>\n<\/div>\n<\/div>\n<\/div>\n<\/div>\n<\/div>\n<\/div>\n<style><!--\n.chip {\n  display: inline-block;\n  padding: 0 25px;\n  height: 50px;\n  font-size: 16px;\n  line-height: 50px;\n  border-radius: 25px;\n  background-color: #f1f1f1;\n}\n\n.chip img {\n  float: left;\n  margin: 0 10px 0 -25px;\n  height: 50px;\n  width: 50px;\n  border-radius: 50%;\n}\n  height: 50px;\n  font-size: 16px;\n  line-height: 50px;\n  border-radius: 25px;\n  background-color: #f1f1f1;\n}\n\n.chip img {\n  float: left;\n  margin: 0 10px 0 -25px;\n  height: 50px;\n  width: 50px;\n  border-radius: 50%;\n}\n--><\/style>\n","protected":false},"excerpt":{"rendered":"<p>Alla \u00e4lskar ett original. Tusen rosor Classic-kollektion var\u00a0v\u00e5r allra f\u00f6rsta kollektion, designad av Lotte feruchi\u00a0som har satt kvalitetsstandarden f\u00f6r evighetsrosor sedan dess. V\u00e5r Classic-kollektion f\u00f6renar elegansen och lyxen i en rund ask fylld med\u00a0lila evighetsrosor. Med Classic-kollektionen l\u00e4gger du till tidl\u00f6s lyx till ditt hem. Rosbox storlek: 21 cm\u00a0\u00d8 Antal evighetsrosor: 17-20 \u00a0<\/p>\n","protected":false},"featured_media":587,"comment_status":"open","ping_status":"closed","template":"","meta":{"_acf_changed":false,"inline_featured_image":false},"product_brand":[],"product_cat":[40],"product_tag":[],"class_list":{"0":"post-1224","1":"product","2":"type-product","3":"status-publish","4":"has-post-thumbnail","6":"product_cat-flowers","8":"first","9":"instock","10":"shipping-taxable","11":"purchasable","12":"product-type-simple"},"acf":[],"_links":{"self":[{"href":"https:\/\/encoder-staging.site\/tusenrose\/wp-json\/wp\/v2\/product\/1224","targetHints":{"allow":["GET"]}}],"collection":[{"href":"https:\/\/encoder-staging.site\/tusenrose\/wp-json\/wp\/v2\/product"}],"about":[{"href":"https:\/\/encoder-staging.site\/tusenrose\/wp-json\/wp\/v2\/types\/product"}],"replies":[{"embeddable":true,"href":"https:\/\/encoder-staging.site\/tusenrose\/wp-json\/wp\/v2\/comments?post=1224"}],"wp:featuredmedia":[{"embeddable":true,"href":"https:\/\/encoder-staging.site\/tusenrose\/wp-json\/wp\/v2\/media\/587"}],"wp:attachment":[{"href":"https:\/\/encoder-staging.site\/tusenrose\/wp-json\/wp\/v2\/media?parent=1224"}],"wp:term":[{"taxonomy":"product_brand","embeddable":true,"href":"https:\/\/encoder-staging.site\/tusenrose\/wp-json\/wp\/v2\/product_brand?post=1224"},{"taxonomy":"product_cat","embeddable":true,"href":"https:\/\/encoder-staging.site\/tusenrose\/wp-json\/wp\/v2\/product_cat?post=1224"},{"taxonomy":"product_tag","embeddable":true,"href":"https:\/\/encoder-staging.site\/tusenrose\/wp-json\/wp\/v2\/product_tag?post=1224"}],"curies":[{"name":"wp","href":"https:\/\/api.w.org\/{rel}","templated":true}]}}