{"id":1222,"date":"2025-11-17T06:02:59","date_gmt":"2025-11-17T12:02:59","guid":{"rendered":"https:\/\/encoder-staging.site\/tusenrose\/product\/roda-evighetsrosor-classic-super-dome-box-2\/"},"modified":"2025-11-19T05:08:15","modified_gmt":"2025-11-19T11:08:15","slug":"roda-evighetsrosor-classic-super-dome-box-2","status":"publish","type":"product","link":"https:\/\/encoder-staging.site\/tusenrose\/product\/roda-evighetsrosor-classic-super-dome-box-2\/","title":{"rendered":"R\u00f6da evighetsrosor | Classic super dome box"},"content":{"rendered":"<p>Ta dina rosor till en helt ny niv\u00e5. Tusen rosor Classic\u00a0dome box ger en f\u00f6rh\u00f6jd stil f\u00f6r en extra &#8220;wow&#8221;.<\/p>\n<p>Med Classic\u00a0dome box kommer du att ha ett arrangemang som \u00f6vertr\u00e4ffar dina f\u00f6rv\u00e4ntningar. Arrangemanget \u00e4r designat av <em><span style=\"text-decoration: underline;\">Mark Lagerfeldt<\/span><\/em> som med sin design fyller ett rum med elegans och stil.<\/p>\n<p>Classic dome box arrangemanget med evighetsrosor sitter h\u00f6gre upp \u00e4n v\u00e5r Classic box kollektion som i sin tur g\u00f6r s\u00e5 att designen blir extra magnifik och f\u00e5r en fylligare stil.<\/p>\n<p>Rosbox storlek:\u00a018 cm\u00a0\u00d8<\/p>\n<p>Antal rosor: 16-20<\/p>\n","protected":false},"excerpt":{"rendered":"<p>Ta dina rosor till en helt ny niv\u00e5. Tusen rosor Classic\u00a0dome box ger en f\u00f6rh\u00f6jd stil f\u00f6r en extra &#8220;wow&#8221;. Med Classic\u00a0dome box kommer du att ha ett arrangemang som \u00f6vertr\u00e4ffar dina f\u00f6rv\u00e4ntningar. Arrangemanget \u00e4r designat av Mark Lagerfeldt som med sin design fyller ett rum med elegans och stil. Classic dome box arrangemanget med [&hellip;]<\/p>\n","protected":false},"featured_media":581,"comment_status":"open","ping_status":"closed","template":"","meta":{"_acf_changed":false,"inline_featured_image":false},"product_brand":[],"product_cat":[40],"product_tag":[],"class_list":{"0":"post-1222","1":"product","2":"type-product","3":"status-publish","4":"has-post-thumbnail","6":"product_cat-flowers","8":"first","9":"instock","10":"shipping-taxable","11":"purchasable","12":"product-type-simple"},"acf":[],"_links":{"self":[{"href":"https:\/\/encoder-staging.site\/tusenrose\/wp-json\/wp\/v2\/product\/1222","targetHints":{"allow":["GET"]}}],"collection":[{"href":"https:\/\/encoder-staging.site\/tusenrose\/wp-json\/wp\/v2\/product"}],"about":[{"href":"https:\/\/encoder-staging.site\/tusenrose\/wp-json\/wp\/v2\/types\/product"}],"replies":[{"embeddable":true,"href":"https:\/\/encoder-staging.site\/tusenrose\/wp-json\/wp\/v2\/comments?post=1222"}],"wp:featuredmedia":[{"embeddable":true,"href":"https:\/\/encoder-staging.site\/tusenrose\/wp-json\/wp\/v2\/media\/581"}],"wp:attachment":[{"href":"https:\/\/encoder-staging.site\/tusenrose\/wp-json\/wp\/v2\/media?parent=1222"}],"wp:term":[{"taxonomy":"product_brand","embeddable":true,"href":"https:\/\/encoder-staging.site\/tusenrose\/wp-json\/wp\/v2\/product_brand?post=1222"},{"taxonomy":"product_cat","embeddable":true,"href":"https:\/\/encoder-staging.site\/tusenrose\/wp-json\/wp\/v2\/product_cat?post=1222"},{"taxonomy":"product_tag","embeddable":true,"href":"https:\/\/encoder-staging.site\/tusenrose\/wp-json\/wp\/v2\/product_tag?post=1222"}],"curies":[{"name":"wp","href":"https:\/\/api.w.org\/{rel}","templated":true}]}}