{"id":1221,"date":"2025-11-17T06:02:59","date_gmt":"2025-11-17T12:02:59","guid":{"rendered":"https:\/\/encoder-staging.site\/tusenrose\/product\/stor-evighetsros-i-glaskupol-2\/"},"modified":"2025-11-17T06:02:59","modified_gmt":"2025-11-17T12:02:59","slug":"stor-evighetsros-i-glaskupol-2","status":"publish","type":"product","link":"https:\/\/encoder-staging.site\/tusenrose\/product\/stor-evighetsros-i-glaskupol-2\/","title":{"rendered":"Stor evighetsros i glaskupol"},"content":{"rendered":"<p data-mce-fragment=\"1\">Den r\u00f6da rosen \u00e4r en symbol f\u00f6r k\u00e4rlek och passion. Med denna vackra dekoration kan du enkelt\u00a0l\u00e4gga till en romantisk touch till din vardag. En \u00f6mt\u00e5lig r\u00f6d ros \u00e4r elegant placerad inuti en glaskupa, vars genomskinliga yta l\u00e5ter dig beundra blommans sk\u00f6nhet samtidigt som den skyddas. Inuti kupan finns \u00e4ven n\u00e5gra fallna l\u00f6v som skapar en f\u00f6rtrollande atmosf\u00e4r mot den svarta botten.<\/p>\n<p data-mce-fragment=\"1\">Denna underbara dekoration levereras i en stilren presentf\u00f6rpackning, helt i svart. F\u00f6rpackningen \u00e4r lika elegant som sj\u00e4lva dekorationen och ger ett extra touch av exklusivitet. Det g\u00f6r den till en utm\u00e4rkt present att ge bort vid speciella tillf\u00e4llen som br\u00f6llop, f\u00f6rlovning, Mors dag eller Alla hj\u00e4rtans dag. En r\u00f6d ros i en glaskupa \u00e4r ett tidl\u00f6st och romantiskt val som visar din k\u00e4rlek och uppskattning p\u00e5 ett elegant s\u00e4tt.<\/p>\n<p data-mce-fragment=\"1\">S\u00e5 oavsett om du vill \u00f6verraska din \u00e4lskade, fira en speciell h\u00e4ndelse eller visa din uppskattning till n\u00e5gon n\u00e4ra och k\u00e4r, kommer denna vackra dekoration att g\u00f6ra ett starkt intryck och sprida k\u00e4rlekens budskap p\u00e5 ett unikt s\u00e4tt.<\/p>\n","protected":false},"excerpt":{"rendered":"<p>Den r\u00f6da rosen \u00e4r en symbol f\u00f6r k\u00e4rlek och passion. Med denna vackra dekoration kan du enkelt\u00a0l\u00e4gga till en romantisk touch till din vardag. En \u00f6mt\u00e5lig r\u00f6d ros \u00e4r elegant placerad inuti en glaskupa, vars genomskinliga yta l\u00e5ter dig beundra blommans sk\u00f6nhet samtidigt som den skyddas. Inuti kupan finns \u00e4ven n\u00e5gra fallna l\u00f6v som skapar [&hellip;]<\/p>\n","protected":false},"featured_media":578,"comment_status":"open","ping_status":"closed","template":"","meta":{"_acf_changed":false,"inline_featured_image":false},"product_brand":[],"product_cat":[40],"product_tag":[],"class_list":{"0":"post-1221","1":"product","2":"type-product","3":"status-publish","4":"has-post-thumbnail","6":"product_cat-flowers","8":"first","9":"instock","10":"shipping-taxable","11":"purchasable","12":"product-type-simple"},"acf":[],"_links":{"self":[{"href":"https:\/\/encoder-staging.site\/tusenrose\/wp-json\/wp\/v2\/product\/1221","targetHints":{"allow":["GET"]}}],"collection":[{"href":"https:\/\/encoder-staging.site\/tusenrose\/wp-json\/wp\/v2\/product"}],"about":[{"href":"https:\/\/encoder-staging.site\/tusenrose\/wp-json\/wp\/v2\/types\/product"}],"replies":[{"embeddable":true,"href":"https:\/\/encoder-staging.site\/tusenrose\/wp-json\/wp\/v2\/comments?post=1221"}],"wp:featuredmedia":[{"embeddable":true,"href":"https:\/\/encoder-staging.site\/tusenrose\/wp-json\/wp\/v2\/media\/578"}],"wp:attachment":[{"href":"https:\/\/encoder-staging.site\/tusenrose\/wp-json\/wp\/v2\/media?parent=1221"}],"wp:term":[{"taxonomy":"product_brand","embeddable":true,"href":"https:\/\/encoder-staging.site\/tusenrose\/wp-json\/wp\/v2\/product_brand?post=1221"},{"taxonomy":"product_cat","embeddable":true,"href":"https:\/\/encoder-staging.site\/tusenrose\/wp-json\/wp\/v2\/product_cat?post=1221"},{"taxonomy":"product_tag","embeddable":true,"href":"https:\/\/encoder-staging.site\/tusenrose\/wp-json\/wp\/v2\/product_tag?post=1221"}],"curies":[{"name":"wp","href":"https:\/\/api.w.org\/{rel}","templated":true}]}}