{"id":1219,"date":"2025-11-17T06:02:59","date_gmt":"2025-11-17T12:02:59","guid":{"rendered":"https:\/\/encoder-staging.site\/tusenrose\/product\/roda-evighetsrosor-hortensia-classic-dome-box-2\/"},"modified":"2025-11-17T06:02:59","modified_gmt":"2025-11-17T12:02:59","slug":"roda-evighetsrosor-hortensia-classic-dome-box-2","status":"publish","type":"product","link":"https:\/\/encoder-staging.site\/tusenrose\/product\/roda-evighetsrosor-hortensia-classic-dome-box-2\/","title":{"rendered":"R\u00f6da evighetsrosor &#038; Hortensia | Classic dome box"},"content":{"rendered":"<div class=\"\">\n<div class=\"\">\n<div class=\"\">\n<p>Ta dina rosor till en helt ny niv\u00e5.<\/p>\n<p>Tusen rosor\u00ae Classic Dome-kollektionen har en imponerande kupol design av\u00a0r\u00f6da evighetsrosor &amp; gr\u00f6n bevarad hortensia i en handgjord svart ask.<\/p>\n<p>Det h\u00e4r kupol designade arrangemanget av naturligt bevarade, l\u00e5ngvariga rosor sitter h\u00f6gre \u00e4n v\u00e5r Classic kollektion, vilket ger en magnifik dimension och mjukhet till ditt k\u00f6k eller vardagsrum.<\/p>\n<p>Boxstorlek: 23 cm\u2300<\/p>\n<p>Antal rosor: 20-23<\/p>\n<\/div>\n<\/div>\n<\/div>\n<div class=\"\">\n<div class=\"\">\n<div class=\"\"><\/div>\n<\/div>\n<\/div>\n<style><!--\n.chip {\n  display: inline-block;\n  padding: 0 25px;\n  height: 50px;\n  font-size: 16px;\n  line-height: 50px;\n  border-radius: 25px;\n  background-color: #f1f1f1;\n}\n\n.chip img {\n  float: left;\n  margin: 0 10px 0 -25px;\n  height: 50px;\n  width: 50px;\n  border-radius: 50%;\n}\n--><\/style>\n","protected":false},"excerpt":{"rendered":"<p>Ta dina rosor till en helt ny niv\u00e5. Tusen rosor\u00ae Classic Dome-kollektionen har en imponerande kupol design av\u00a0r\u00f6da evighetsrosor &amp; gr\u00f6n bevarad hortensia i en handgjord svart ask. Det h\u00e4r kupol designade arrangemanget av naturligt bevarade, l\u00e5ngvariga rosor sitter h\u00f6gre \u00e4n v\u00e5r Classic kollektion, vilket ger en magnifik dimension och mjukhet till ditt k\u00f6k eller [&hellip;]<\/p>\n","protected":false},"featured_media":570,"comment_status":"open","ping_status":"closed","template":"","meta":{"_acf_changed":false,"inline_featured_image":false},"product_brand":[],"product_cat":[40],"product_tag":[],"class_list":{"0":"post-1219","1":"product","2":"type-product","3":"status-publish","4":"has-post-thumbnail","6":"product_cat-flowers","8":"first","9":"instock","10":"shipping-taxable","11":"purchasable","12":"product-type-simple"},"acf":[],"_links":{"self":[{"href":"https:\/\/encoder-staging.site\/tusenrose\/wp-json\/wp\/v2\/product\/1219","targetHints":{"allow":["GET"]}}],"collection":[{"href":"https:\/\/encoder-staging.site\/tusenrose\/wp-json\/wp\/v2\/product"}],"about":[{"href":"https:\/\/encoder-staging.site\/tusenrose\/wp-json\/wp\/v2\/types\/product"}],"replies":[{"embeddable":true,"href":"https:\/\/encoder-staging.site\/tusenrose\/wp-json\/wp\/v2\/comments?post=1219"}],"wp:featuredmedia":[{"embeddable":true,"href":"https:\/\/encoder-staging.site\/tusenrose\/wp-json\/wp\/v2\/media\/570"}],"wp:attachment":[{"href":"https:\/\/encoder-staging.site\/tusenrose\/wp-json\/wp\/v2\/media?parent=1219"}],"wp:term":[{"taxonomy":"product_brand","embeddable":true,"href":"https:\/\/encoder-staging.site\/tusenrose\/wp-json\/wp\/v2\/product_brand?post=1219"},{"taxonomy":"product_cat","embeddable":true,"href":"https:\/\/encoder-staging.site\/tusenrose\/wp-json\/wp\/v2\/product_cat?post=1219"},{"taxonomy":"product_tag","embeddable":true,"href":"https:\/\/encoder-staging.site\/tusenrose\/wp-json\/wp\/v2\/product_tag?post=1219"}],"curies":[{"name":"wp","href":"https:\/\/api.w.org\/{rel}","templated":true}]}}