{"id":1216,"date":"2025-11-17T06:02:59","date_gmt":"2025-11-17T12:02:59","guid":{"rendered":"https:\/\/encoder-staging.site\/tusenrose\/product\/rod-evighetsros-i-ask-6\/"},"modified":"2025-11-17T06:02:59","modified_gmt":"2025-11-17T12:02:59","slug":"rod-evighetsros-i-ask-6","status":"publish","type":"product","link":"https:\/\/encoder-staging.site\/tusenrose\/product\/rod-evighetsros-i-ask-6\/","title":{"rendered":"R\u00f6d evighetsros i ask"},"content":{"rendered":"<p data-mce-fragment=\"1\"><span data-mce-fragment=\"1\">Uppt\u00e4ck en enast\u00e5ende present som kombinerar tidl\u00f6s sk\u00f6nhet med l\u00e5ngvarighet.\u00a0<\/span><span data-mce-fragment=\"1\">Denna unika produkt \u00e4r perfekt f\u00f6r att \u00f6verraska n\u00e5gon speciell eller f\u00f6r att sj\u00e4lv njuta av dess f\u00f6rtrollande charm. Skriv din egen personliga h\u00e4lsning med din egna skrivstil p\u00e5 kortet som ing\u00e5r i produkten.<\/span><\/p>\n<p data-mce-fragment=\"1\"><span data-mce-fragment=\"1\">Med sin f\u00f6rm\u00e5ga att beh\u00e5lla sin sk\u00f6nhet i upp till flera \u00e5r blir\u00a0det h\u00e4r arrangemanget\u00a0en tidl\u00f6s p\u00e5minnelse om de speciella \u00f6gonblicken och k\u00e4nslorna den symboliserar. Ge bort denna extraordin\u00e4ra g\u00e5va och skapa magiska minnen som varar f\u00f6r evigt.<\/span><\/p>\n","protected":false},"excerpt":{"rendered":"<p>Uppt\u00e4ck en enast\u00e5ende present som kombinerar tidl\u00f6s sk\u00f6nhet med l\u00e5ngvarighet.\u00a0Denna unika produkt \u00e4r perfekt f\u00f6r att \u00f6verraska n\u00e5gon speciell eller f\u00f6r att sj\u00e4lv njuta av dess f\u00f6rtrollande charm. Skriv din egen personliga h\u00e4lsning med din egna skrivstil p\u00e5 kortet som ing\u00e5r i produkten. Med sin f\u00f6rm\u00e5ga att beh\u00e5lla sin sk\u00f6nhet i upp till flera \u00e5r [&hellip;]<\/p>\n","protected":false},"featured_media":560,"comment_status":"open","ping_status":"closed","template":"","meta":{"_acf_changed":false,"inline_featured_image":false},"product_brand":[],"product_cat":[40],"product_tag":[],"class_list":{"0":"post-1216","1":"product","2":"type-product","3":"status-publish","4":"has-post-thumbnail","6":"product_cat-flowers","8":"first","9":"instock","10":"shipping-taxable","11":"purchasable","12":"product-type-simple"},"acf":[],"_links":{"self":[{"href":"https:\/\/encoder-staging.site\/tusenrose\/wp-json\/wp\/v2\/product\/1216","targetHints":{"allow":["GET"]}}],"collection":[{"href":"https:\/\/encoder-staging.site\/tusenrose\/wp-json\/wp\/v2\/product"}],"about":[{"href":"https:\/\/encoder-staging.site\/tusenrose\/wp-json\/wp\/v2\/types\/product"}],"replies":[{"embeddable":true,"href":"https:\/\/encoder-staging.site\/tusenrose\/wp-json\/wp\/v2\/comments?post=1216"}],"wp:featuredmedia":[{"embeddable":true,"href":"https:\/\/encoder-staging.site\/tusenrose\/wp-json\/wp\/v2\/media\/560"}],"wp:attachment":[{"href":"https:\/\/encoder-staging.site\/tusenrose\/wp-json\/wp\/v2\/media?parent=1216"}],"wp:term":[{"taxonomy":"product_brand","embeddable":true,"href":"https:\/\/encoder-staging.site\/tusenrose\/wp-json\/wp\/v2\/product_brand?post=1216"},{"taxonomy":"product_cat","embeddable":true,"href":"https:\/\/encoder-staging.site\/tusenrose\/wp-json\/wp\/v2\/product_cat?post=1216"},{"taxonomy":"product_tag","embeddable":true,"href":"https:\/\/encoder-staging.site\/tusenrose\/wp-json\/wp\/v2\/product_tag?post=1216"}],"curies":[{"name":"wp","href":"https:\/\/api.w.org\/{rel}","templated":true}]}}