{"id":1208,"date":"2025-11-17T06:02:58","date_gmt":"2025-11-17T12:02:58","guid":{"rendered":"https:\/\/encoder-staging.site\/tusenrose\/product\/meadow-swirl-vase-enkel-3\/"},"modified":"2025-11-17T06:02:58","modified_gmt":"2025-11-17T12:02:58","slug":"meadow-swirl-vase-enkel-3","status":"publish","type":"product","link":"https:\/\/encoder-staging.site\/tusenrose\/product\/meadow-swirl-vase-enkel-3\/","title":{"rendered":"Meadow Swirl Vase Enkel"},"content":{"rendered":"<p data-mce-fragment=\"1\"><strong data-mce-fragment=\"1\">N\u00e4r skulpturelt utseende spelar roll<\/strong><\/p>\n<p data-mce-fragment=\"1\">Med sin geometriska och moderna form \u00e4r Meadow-vasen designad f\u00f6r att vara ett centralt designobjekt \u2013 oavsett blomstertrend eller \u00e5rstid.<br data-mce-fragment=\"1\"><br data-mce-fragment=\"1\">Meadow-kollektionen produceras i Europa, med gamla traditionella hantverkstekniker. Observera att varje Meadow-vas \u00e4r munbl\u00e5st. D\u00e4rf\u00f6r \u00e4r varje vas unik. Variationer i f\u00e4rg och tjocklek kan f\u00f6rekomma fr\u00e5n vas till vas.<\/p>\n<table height=\"79\" style=\"width: 337.688px;\" data-mce-selected=\"1\">\n<tbody>\n<tr>\n<td style=\"width: 310px;\">Material<\/td>\n<td style=\"width: 10.6875px;\">Glas<\/td>\n<\/tr>\n<tr>\n<td style=\"width: 310px;\">H\u00f6jd<\/td>\n<td style=\"width: 10.6875px;\">20\u00a0cm<\/td>\n<\/tr>\n<tr>\n<td style=\"width: 310px;\">Bredd<\/td>\n<td style=\"width: 10.6875px;\">18\u00a0cm<\/td>\n<\/tr>\n<\/tbody>\n<\/table>\n","protected":false},"excerpt":{"rendered":"<p>N\u00e4r skulpturelt utseende spelar roll Med sin geometriska och moderna form \u00e4r Meadow-vasen designad f\u00f6r att vara ett centralt designobjekt \u2013 oavsett blomstertrend eller \u00e5rstid.Meadow-kollektionen produceras i Europa, med gamla traditionella hantverkstekniker. Observera att varje Meadow-vas \u00e4r munbl\u00e5st. D\u00e4rf\u00f6r \u00e4r varje vas unik. Variationer i f\u00e4rg och tjocklek kan f\u00f6rekomma fr\u00e5n vas till vas. Material [&hellip;]<\/p>\n","protected":false},"featured_media":530,"comment_status":"open","ping_status":"closed","template":"","meta":{"_acf_changed":false,"inline_featured_image":false},"product_brand":[],"product_cat":[42],"product_tag":[],"class_list":{"0":"post-1208","1":"product","2":"type-product","3":"status-publish","4":"has-post-thumbnail","6":"product_cat-vases","8":"first","9":"instock","10":"shipping-taxable","11":"purchasable","12":"product-type-simple"},"acf":[],"_links":{"self":[{"href":"https:\/\/encoder-staging.site\/tusenrose\/wp-json\/wp\/v2\/product\/1208","targetHints":{"allow":["GET"]}}],"collection":[{"href":"https:\/\/encoder-staging.site\/tusenrose\/wp-json\/wp\/v2\/product"}],"about":[{"href":"https:\/\/encoder-staging.site\/tusenrose\/wp-json\/wp\/v2\/types\/product"}],"replies":[{"embeddable":true,"href":"https:\/\/encoder-staging.site\/tusenrose\/wp-json\/wp\/v2\/comments?post=1208"}],"wp:featuredmedia":[{"embeddable":true,"href":"https:\/\/encoder-staging.site\/tusenrose\/wp-json\/wp\/v2\/media\/530"}],"wp:attachment":[{"href":"https:\/\/encoder-staging.site\/tusenrose\/wp-json\/wp\/v2\/media?parent=1208"}],"wp:term":[{"taxonomy":"product_brand","embeddable":true,"href":"https:\/\/encoder-staging.site\/tusenrose\/wp-json\/wp\/v2\/product_brand?post=1208"},{"taxonomy":"product_cat","embeddable":true,"href":"https:\/\/encoder-staging.site\/tusenrose\/wp-json\/wp\/v2\/product_cat?post=1208"},{"taxonomy":"product_tag","embeddable":true,"href":"https:\/\/encoder-staging.site\/tusenrose\/wp-json\/wp\/v2\/product_tag?post=1208"}],"curies":[{"name":"wp","href":"https:\/\/api.w.org\/{rel}","templated":true}]}}