{"id":1204,"date":"2025-11-17T06:02:57","date_gmt":"2025-11-17T12:02:57","guid":{"rendered":"https:\/\/encoder-staging.site\/tusenrose\/product\/savanna-vase-enkel-3\/"},"modified":"2025-11-17T06:02:57","modified_gmt":"2025-11-17T12:02:57","slug":"savanna-vase-enkel-3","status":"publish","type":"product","link":"https:\/\/encoder-staging.site\/tusenrose\/product\/savanna-vase-enkel-3\/","title":{"rendered":"Savanna Vase Enkel"},"content":{"rendered":"<p><meta charset=\"utf-8\"><\/p>\n<p data-mce-fragment=\"1\"><strong data-mce-fragment=\"1\">N\u00e4r varje detalj spelar roll<\/strong><\/p>\n<p data-mce-fragment=\"1\">Med sin geometriska och moderna form \u00e4r vasen Savanna designad f\u00f6r att vara ett centralt designobjekt \u2013 oavsett \u00e5rstid och blomstertrend.<\/p>\n<p data-mce-fragment=\"1\">Varje Savanna vas \u00e4r munbl\u00e5st och unik. Variationer i vikt kan f\u00f6rekomma p\u00e5 grund av det rika hantverket.<\/p>\n<table height=\"79\" style=\"width: 324.688px;\" data-mce-selected=\"1\">\n<tbody>\n<tr>\n<td style=\"width: 310px;\">Material<\/td>\n<td style=\"width: 10px;\">Glas<\/td>\n<\/tr>\n<tr>\n<td style=\"width: 310px;\">H\u00f6jd<\/td>\n<td style=\"width: 10px;\">20,5\u00a0cm<\/td>\n<\/tr>\n<tr>\n<td style=\"width: 310px;\">Bredd<\/td>\n<td style=\"width: 10px;\">18\u00a0cm<\/td>\n<\/tr>\n<\/tbody>\n<\/table>\n","protected":false},"excerpt":{"rendered":"<p>N\u00e4r varje detalj spelar roll Med sin geometriska och moderna form \u00e4r vasen Savanna designad f\u00f6r att vara ett centralt designobjekt \u2013 oavsett \u00e5rstid och blomstertrend. Varje Savanna vas \u00e4r munbl\u00e5st och unik. Variationer i vikt kan f\u00f6rekomma p\u00e5 grund av det rika hantverket. Material Glas H\u00f6jd 20,5\u00a0cm Bredd 18\u00a0cm<\/p>\n","protected":false},"featured_media":513,"comment_status":"open","ping_status":"closed","template":"","meta":{"_acf_changed":false,"inline_featured_image":false},"product_brand":[],"product_cat":[42],"product_tag":[],"class_list":{"0":"post-1204","1":"product","2":"type-product","3":"status-publish","4":"has-post-thumbnail","6":"product_cat-vases","8":"first","9":"instock","10":"shipping-taxable","11":"purchasable","12":"product-type-simple"},"acf":[],"_links":{"self":[{"href":"https:\/\/encoder-staging.site\/tusenrose\/wp-json\/wp\/v2\/product\/1204","targetHints":{"allow":["GET"]}}],"collection":[{"href":"https:\/\/encoder-staging.site\/tusenrose\/wp-json\/wp\/v2\/product"}],"about":[{"href":"https:\/\/encoder-staging.site\/tusenrose\/wp-json\/wp\/v2\/types\/product"}],"replies":[{"embeddable":true,"href":"https:\/\/encoder-staging.site\/tusenrose\/wp-json\/wp\/v2\/comments?post=1204"}],"wp:featuredmedia":[{"embeddable":true,"href":"https:\/\/encoder-staging.site\/tusenrose\/wp-json\/wp\/v2\/media\/513"}],"wp:attachment":[{"href":"https:\/\/encoder-staging.site\/tusenrose\/wp-json\/wp\/v2\/media?parent=1204"}],"wp:term":[{"taxonomy":"product_brand","embeddable":true,"href":"https:\/\/encoder-staging.site\/tusenrose\/wp-json\/wp\/v2\/product_brand?post=1204"},{"taxonomy":"product_cat","embeddable":true,"href":"https:\/\/encoder-staging.site\/tusenrose\/wp-json\/wp\/v2\/product_cat?post=1204"},{"taxonomy":"product_tag","embeddable":true,"href":"https:\/\/encoder-staging.site\/tusenrose\/wp-json\/wp\/v2\/product_tag?post=1204"}],"curies":[{"name":"wp","href":"https:\/\/api.w.org\/{rel}","templated":true}]}}