{"id":1194,"date":"2025-11-17T06:02:56","date_gmt":"2025-11-17T12:02:56","guid":{"rendered":"https:\/\/encoder-staging.site\/tusenrose\/product\/chokladstrut-hallon-blabar-2\/"},"modified":"2025-11-17T06:02:56","modified_gmt":"2025-11-17T12:02:56","slug":"chokladstrut-hallon-blabar-2","status":"publish","type":"product","link":"https:\/\/encoder-staging.site\/tusenrose\/product\/chokladstrut-hallon-blabar-2\/","title":{"rendered":"Chokladstrut Hallon &#038; Bl\u00e5b\u00e4r"},"content":{"rendered":"<h3 class=\"font_3\"><span>DARK MILK<\/span><\/h3>\n<h5 class=\"font_5\"><span>50 % KAKAO &#8211; 90G<\/span><\/h5>\n<p><span>EKOLOGISK\u00a0 | \u00a0FAIRTRADE<\/span><\/p>\n<p><span>Studentkalas, midsommar, skid-vm &#8211; tillf\u00e4llena n\u00e4r en Sverigestrut passar perfekt \u00e4r otaliga. Hallon och bl\u00e5b\u00e4r i en somrig kombination med dark milk uppskattas av de flesta.<\/span><\/p>\n<div data-testid=\"richTextElement\" class=\"_1Q9if _3bcaz\" id=\"comp-ksq2clfq\">\n<h5 class=\"font_5\"><\/h5>\n<\/div>\n<div data-testid=\"richTextElement\" class=\"_1Q9if _3bcaz\" id=\"comp-ksq2clfs\">\n<table height=\"111\" width=\"372\">\n<tbody>\n<tr>\n<td style=\"width: 535px;\" data-mce-style=\"width: 535px;\">\n<div id=\"comp-ksq2clfq\" class=\"_1Q9if _3bcaz\" data-testid=\"richTextElement\">\n<h3 class=\"font_5\">INNEH\u00c5LLSF\u00d6RTECKNING<\/h3>\n<\/div>\n<div id=\"comp-ksq2clfs\" class=\"_1Q9if _3bcaz\" data-testid=\"richTextElement\"><\/div>\n<\/td>\n<\/tr>\n<tr>\n<td style=\"width: 535px;\" data-mce-style=\"width: 535px;\">\n<ul>\n<li>R\u00f6rsocker\/sukker<\/li>\n<li>Kakaomassa<\/li>\n<li>Kakaosm\u00f6r<\/li>\n<li>Helmj\u00f6lkspulver<\/li>\n<li>Sheasm\u00f6r<\/li>\n<li>Glykossirap<\/li>\n<li>Hallonpulver<\/li>\n<li>Bl\u00e5b\u00e4rspulver<\/li>\n<li>Vanilj<\/li>\n<\/ul>\n<\/td>\n<\/tr>\n<tr>\n<td style=\"width: 535px;\" data-mce-style=\"width: 535px;\">\n<p>N\u00e4ringsv\u00e4rde per 100g<\/p>\n<\/td>\n<\/tr>\n<tr>\n<td style=\"width: 535px;\" data-mce-style=\"width: 535px;\">\n<p>Energi 2442kJ, 584 kcal<\/p>\n<\/td>\n<\/tr>\n<tr>\n<td style=\"width: 535px;\" data-mce-style=\"width: 535px;\">\n<p>Fett 44g<\/p>\n<\/td>\n<\/tr>\n<tr>\n<td style=\"width: 535px;\" data-mce-style=\"width: 535px;\">\n<p>&#8211; varav m\u00e4ttat 27g<\/p>\n<\/td>\n<\/tr>\n<tr>\n<td style=\"width: 535px;\" data-mce-style=\"width: 535px;\">\n<p>Kolhydrater 39g<\/p>\n<\/td>\n<\/tr>\n<tr>\n<td style=\"width: 535px;\" data-mce-style=\"width: 535px;\">\n<p>&#8211; varav sockerarter 37g<\/p>\n<\/td>\n<\/tr>\n<tr>\n<td style=\"width: 535px;\" data-mce-style=\"width: 535px;\">\n<p>Protein 6,4g<\/p>\n<\/td>\n<\/tr>\n<tr>\n<td style=\"width: 535px;\" data-mce-style=\"width: 535px;\">\n<p>Salt 0.3g<\/p>\n<\/td>\n<\/tr>\n<\/tbody>\n<\/table>\n<\/div>\n","protected":false},"excerpt":{"rendered":"<p>DARK MILK 50 % KAKAO &#8211; 90G EKOLOGISK\u00a0 | \u00a0FAIRTRADE Studentkalas, midsommar, skid-vm &#8211; tillf\u00e4llena n\u00e4r en Sverigestrut passar perfekt \u00e4r otaliga. Hallon och bl\u00e5b\u00e4r i en somrig kombination med dark milk uppskattas av de flesta. INNEH\u00c5LLSF\u00d6RTECKNING R\u00f6rsocker\/sukker Kakaomassa Kakaosm\u00f6r Helmj\u00f6lkspulver Sheasm\u00f6r Glykossirap Hallonpulver Bl\u00e5b\u00e4rspulver Vanilj N\u00e4ringsv\u00e4rde per 100g Energi 2442kJ, 584 kcal Fett 44g [&hellip;]<\/p>\n","protected":false},"featured_media":479,"comment_status":"open","ping_status":"closed","template":"","meta":{"_acf_changed":false,"inline_featured_image":false},"product_brand":[],"product_cat":[18],"product_tag":[],"class_list":{"0":"post-1194","1":"product","2":"type-product","3":"status-publish","4":"has-post-thumbnail","6":"product_cat-uncategorized","8":"first","9":"instock","10":"shipping-taxable","11":"purchasable","12":"product-type-simple"},"acf":[],"_links":{"self":[{"href":"https:\/\/encoder-staging.site\/tusenrose\/wp-json\/wp\/v2\/product\/1194","targetHints":{"allow":["GET"]}}],"collection":[{"href":"https:\/\/encoder-staging.site\/tusenrose\/wp-json\/wp\/v2\/product"}],"about":[{"href":"https:\/\/encoder-staging.site\/tusenrose\/wp-json\/wp\/v2\/types\/product"}],"replies":[{"embeddable":true,"href":"https:\/\/encoder-staging.site\/tusenrose\/wp-json\/wp\/v2\/comments?post=1194"}],"wp:featuredmedia":[{"embeddable":true,"href":"https:\/\/encoder-staging.site\/tusenrose\/wp-json\/wp\/v2\/media\/479"}],"wp:attachment":[{"href":"https:\/\/encoder-staging.site\/tusenrose\/wp-json\/wp\/v2\/media?parent=1194"}],"wp:term":[{"taxonomy":"product_brand","embeddable":true,"href":"https:\/\/encoder-staging.site\/tusenrose\/wp-json\/wp\/v2\/product_brand?post=1194"},{"taxonomy":"product_cat","embeddable":true,"href":"https:\/\/encoder-staging.site\/tusenrose\/wp-json\/wp\/v2\/product_cat?post=1194"},{"taxonomy":"product_tag","embeddable":true,"href":"https:\/\/encoder-staging.site\/tusenrose\/wp-json\/wp\/v2\/product_tag?post=1194"}],"curies":[{"name":"wp","href":"https:\/\/api.w.org\/{rel}","templated":true}]}}