{"id":1500,"date":"2025-11-20T03:26:15","date_gmt":"2025-11-20T09:26:15","guid":{"rendered":"https:\/\/encoder-staging.site\/tusenrose\/?page_id=1500"},"modified":"2025-11-20T03:29:29","modified_gmt":"2025-11-20T09:29:29","slug":"privacy-policy","status":"publish","type":"page","link":"https:\/\/encoder-staging.site\/tusenrose\/privacy-policy\/","title":{"rendered":"Integritetspolicy"},"content":{"rendered":"<h2>SEKTION 1 &#8211; VAD G\u00d6R VI MED DINA UPPGIFTER<\/h2>\n<p>N\u00e4r du k\u00f6per n\u00e5got fr\u00e5n v\u00e5r butik samlar vi in personuppgifter som du l\u00e4mnar till oss som en del av k\u00f6p- och s\u00e4ljprocessen, s\u00e5som ditt namn, adress och e-postadress. N\u00e4r du bes\u00f6ker v\u00e5r butik, samlar vi \u00e4ven automatiskt in din dators internetprotokoll (IP)-adress f\u00f6r att kunna tillhandah\u00e5lla information som hj\u00e4lper oss att l\u00e4ra oss mer om din webbl\u00e4sare och ditt operativsystem. E-postmarknadsf\u00f6ring (om till\u00e4mpligt): Med ditt samtycke kan vi skicka e-post till dig om v\u00e5r butik, nya produkter och andra uppdateringar.<\/p>\n<h2>SEKTION 2 &#8211; SAMTYCKE<\/h2>\n<p><strong>Hur f\u00e5r vi ditt samtycke:<\/strong> N\u00e4r du l\u00e4mnar personuppgifter till oss f\u00f6r att slutf\u00f6ra en transaktion, verifiera ditt kreditkort, g\u00f6ra en best\u00e4llning, arrangera leverans eller returnera en vara, inneb\u00e4r det att du samtycker till att vi samlar in och anv\u00e4nder uppgifterna endast f\u00f6r det specifika \u00e4ndam\u00e5let. Om vi beh\u00f6ver dina personuppgifter f\u00f6r sekund\u00e4ra \u00e4ndam\u00e5l, som marknadsf\u00f6ring, kommer vi antingen att be dig direkt om ditt uttryckliga samtycke eller ge dig m\u00f6jlighet att s\u00e4ga nej.<\/p>\n<p><strong>Hur drar jag tillbaka mitt samtycke:<\/strong> Om du \u00e4ndrar dig efter att ha gett ditt samtycke kan du n\u00e4r som helst dra tillbaka ditt samtycke till att vi kontaktar dig och att vi forts\u00e4tter att samla in, anv\u00e4nda eller l\u00e4mna ut dina uppgifter. Detta kan g\u00f6ras genom att kontakta oss p\u00e5 kundtjanst@tusenrosor.se\u00a0eller via post till:\u00a0Tusen rosor AB\u00a0 Malm\u00f6,\u00a0Sk\u00e5ne,\u00a021426, Bangatan 9b, Sverige<\/p>\n<h2>SEKTION 3 &#8211; OFFENTLIGG\u00d6RANDE<\/h2>\n<p>Vi kan l\u00e4mna ut dina personuppgifter om det kr\u00e4vs enligt lag eller om du bryter mot v\u00e5ra anv\u00e4ndarvillkor.<\/p>\n<h2>SEKTION 4 &#8211; SHOPIFY<\/h2>\n<p>V\u00e5r butik \u00e4r v\u00e4rd f\u00f6r Shopify Inc., som tillhandah\u00e5ller den online e-handelsplattform som m\u00f6jligg\u00f6r f\u00f6rs\u00e4ljning av v\u00e5ra produkter och tj\u00e4nster till dig. Shopify lagrar dina data s\u00e4kert genom dataf\u00f6rvaring, databaser och deras allm\u00e4nna applikation bakom en brandv\u00e4gg.<\/p>\n<p><strong>Betalning:<\/strong> Om du v\u00e4ljer en direkt betalningsgateway f\u00f6r att slutf\u00f6ra ditt k\u00f6p, lagrar Shopify dina kreditkortsuppgifter s\u00e4kert och f\u00f6ljer Payment Card Industry Data Security Standard (PCI-DSS). Dina k\u00f6ptransaktionsuppgifter sparas endast s\u00e5 l\u00e4nge som det kr\u00e4vs f\u00f6r att slutf\u00f6ra din k\u00f6ptransaktion, d\u00e4refter raderas informationen. Alla direktbetalningsgatewayer f\u00f6ljer PCI-DSS-standarder som f\u00f6rvaltas av PCI Security Standards Council.<\/p>\n<p><strong>F\u00f6r mer information, v\u00e4nligen l\u00e4s Shopify&#8217;s Anv\u00e4ndarvillkor (<a href=\"https:\/\/www.shopify.com\/legal\/terms\" target=\"_new\">https:\/\/www.shopify.com\/legal\/terms<\/a>) och Integritetspolicy (<a href=\"https:\/\/www.shopify.com\/legal\/privacy\" target=\"_new\">https:\/\/www.shopify.com\/legal\/privacy<\/a>).<\/strong><\/p>\n<h2>SEKTION 5 &#8211; TREDJEPARTSTJ\u00c4NSTER<\/h2>\n<p>De tredjepartsleverant\u00f6rer vi anv\u00e4nder samlar, anv\u00e4nder och l\u00e4mnar ut din information endast i den utstr\u00e4ckning som kr\u00e4vs f\u00f6r att utf\u00f6ra de tj\u00e4nster de tillhandah\u00e5ller oss. Vissa leverant\u00f6rer, som betalningsgatewayer, har sina egna integritetspolicyer f\u00f6r k\u00f6prelaterade transaktioner. Det \u00e4r bra att l\u00e4sa deras integritetspolicyer f\u00f6r att f\u00f6rst\u00e5 hur de hanterar dina personuppgifter.<\/p>\n<p>N\u00e4r du l\u00e4mnar v\u00e5r butiks webbplats eller blir omdirigerad till en tredjeparts webbplats eller applikation, omfattas du inte l\u00e4ngre av denna integritetspolicy eller v\u00e5r webbplatsens anv\u00e4ndarvillkor.<\/p>\n<p><strong>L\u00e4nkar:<\/strong> N\u00e4r du klickar p\u00e5 l\u00e4nkar p\u00e5 v\u00e5r butik kan de leda dig till externa webbplatser. Vi \u00e4r inte ansvariga f\u00f6r integritetspraxis p\u00e5 dessa webbplatser och uppmanar dig att l\u00e4sa deras integritetspolicyer.<\/p>\n<p><strong>Google Analytics:<\/strong> Vi anv\u00e4nder Google Analytics f\u00f6r att f\u00e5 insikt om vilka som bes\u00f6ker v\u00e5r webbplats och vilka sidor som bes\u00f6ks.<\/p>\n<h2>SEKTION 6 &#8211; S\u00c4KERHET<\/h2>\n<p>F\u00f6r att skydda dina personuppgifter vidtar vi rimliga f\u00f6rsiktighets\u00e5tg\u00e4rder och f\u00f6ljer branschens b\u00e4sta praxis f\u00f6r att s\u00e4kerst\u00e4lla att de inte obeh\u00f6rigen f\u00f6rloras, missbrukas, \u00e5tkommas, l\u00e4mnas ut, \u00e4ndras eller f\u00f6rst\u00f6rs. Om du l\u00e4mnar dina kreditkortsuppgifter till oss krypteras de med s\u00e4kerhetslager-teknik (SSL) och lagras med AES-256-kryptering. \u00c4ven om ingen \u00f6verf\u00f6ringsmetod \u00f6ver internet eller elektronisk lagring \u00e4r 100 % s\u00e4ker, f\u00f6ljer vi alla krav enligt PCI-DSS och implementerar ytterligare accepterade branschstandarder.<\/p>\n<h2>SEKTION 7 &#8211; COOKIES<\/h2>\n<p>H\u00e4r \u00e4r en lista \u00f6ver kakor (cookies) som vi anv\u00e4nder. Du kan v\u00e4lja att avst\u00e5 fr\u00e5n kakor om du f\u00f6redrar det. De kakor vi anv\u00e4nder inkluderar sessionkakor, permanenta kakor och n\u00e5gra f\u00f6r att sp\u00e5ra webbplatsbes\u00f6k.<\/p>\n<h2>SEKTION 8 &#8211; SAMTYCKES\u00c5LDER<\/h2>\n<p>Genom att anv\u00e4nda denna webbplats f\u00f6rs\u00e4krar<\/p>\n","protected":false},"excerpt":{"rendered":"<p>SEKTION 1 &#8211; VAD G\u00d6R VI MED DINA UPPGIFTER N\u00e4r du k\u00f6per n\u00e5got fr\u00e5n v\u00e5r butik samlar vi in personuppgifter som du l\u00e4mnar till oss som en del av k\u00f6p- och s\u00e4ljprocessen, s\u00e5som ditt namn, adress och e-postadress. N\u00e4r du bes\u00f6ker v\u00e5r butik, samlar vi \u00e4ven automatiskt in din dators internetprotokoll (IP)-adress f\u00f6r att kunna [&hellip;]<\/p>\n","protected":false},"author":1,"featured_media":0,"parent":0,"menu_order":0,"comment_status":"closed","ping_status":"closed","template":"page-policy.php","meta":{"_acf_changed":false,"inline_featured_image":false,"footnotes":""},"class_list":["post-1500","page","type-page","status-publish","hentry"],"acf":[],"_links":{"self":[{"href":"https:\/\/encoder-staging.site\/tusenrose\/wp-json\/wp\/v2\/pages\/1500","targetHints":{"allow":["GET"]}}],"collection":[{"href":"https:\/\/encoder-staging.site\/tusenrose\/wp-json\/wp\/v2\/pages"}],"about":[{"href":"https:\/\/encoder-staging.site\/tusenrose\/wp-json\/wp\/v2\/types\/page"}],"author":[{"embeddable":true,"href":"https:\/\/encoder-staging.site\/tusenrose\/wp-json\/wp\/v2\/users\/1"}],"replies":[{"embeddable":true,"href":"https:\/\/encoder-staging.site\/tusenrose\/wp-json\/wp\/v2\/comments?post=1500"}],"version-history":[{"count":3,"href":"https:\/\/encoder-staging.site\/tusenrose\/wp-json\/wp\/v2\/pages\/1500\/revisions"}],"predecessor-version":[{"id":1504,"href":"https:\/\/encoder-staging.site\/tusenrose\/wp-json\/wp\/v2\/pages\/1500\/revisions\/1504"}],"wp:attachment":[{"href":"https:\/\/encoder-staging.site\/tusenrose\/wp-json\/wp\/v2\/media?parent=1500"}],"curies":[{"name":"wp","href":"https:\/\/api.w.org\/{rel}","templated":true}]}}